{"id":66,"date":"2020-12-14T14:56:50","date_gmt":"2020-12-14T11:56:50","guid":{"rendered":"https:\/\/www.omerfarukbay.com.tr\/?page_id=66"},"modified":"2021-05-29T17:19:42","modified_gmt":"2021-05-29T14:19:42","slug":"ebe-415-yazilim-muhendisligi","status":"publish","type":"page","link":"https:\/\/www.omerfarukbay.com.tr\/index.php\/dersler\/ebe-415-yazilim-muhendisligi\/","title":{"rendered":"EBE-415 Yaz\u0131l\u0131m M\u00fchendisli\u011fi"},"content":{"rendered":"","protected":false},"excerpt":{"rendered":"","protected":false},"author":1,"featured_media":0,"parent":12,"menu_order":6,"comment_status":"closed","ping_status":"closed","template":"","meta":{"footnotes":""},"class_list":["post-66","page","type-page","status-publish","h-entry","hentry","h-as-page"],"_links":{"self":[{"href":"https:\/\/www.omerfarukbay.com.tr\/index.php\/wp-json\/wp\/v2\/pages\/66","targetHints":{"allow":["GET"]}}],"collection":[{"href":"https:\/\/www.omerfarukbay.com.tr\/index.php\/wp-json\/wp\/v2\/pages"}],"about":[{"href":"https:\/\/www.omerfarukbay.com.tr\/index.php\/wp-json\/wp\/v2\/types\/page"}],"author":[{"embeddable":true,"href":"https:\/\/www.omerfarukbay.com.tr\/index.php\/wp-json\/wp\/v2\/users\/1"}],"replies":[{"embeddable":true,"href":"https:\/\/www.omerfarukbay.com.tr\/index.php\/wp-json\/wp\/v2\/comments?post=66"}],"version-history":[{"count":1,"href":"https:\/\/www.omerfarukbay.com.tr\/index.php\/wp-json\/wp\/v2\/pages\/66\/revisions"}],"predecessor-version":[{"id":67,"href":"https:\/\/www.omerfarukbay.com.tr\/index.php\/wp-json\/wp\/v2\/pages\/66\/revisions\/67"}],"up":[{"embeddable":true,"href":"https:\/\/www.omerfarukbay.com.tr\/index.php\/wp-json\/wp\/v2\/pages\/12"}],"wp:attachment":[{"href":"https:\/\/www.omerfarukbay.com.tr\/index.php\/wp-json\/wp\/v2\/media?parent=66"}],"curies":[{"name":"wp","href":"https:\/\/api.w.org\/{rel}","templated":true}]}}